{"id":23317,"date":"2025-04-13T17:39:34","date_gmt":"2025-04-13T17:39:34","guid":{"rendered":"https:\/\/apexresearchchemical.eu\/?post_type=product&#038;p=23317"},"modified":"2026-03-20T16:09:47","modified_gmt":"2026-03-20T16:09:47","slug":"efeito-do-flubromazepam","status":"publish","type":"product","link":"https:\/\/apexresearchchemical.eu\/pt\/comprar\/benzodiazepinicos\/efeito-do-flubromazepam\/","title":{"rendered":"Flubromazepam Puro"},"content":{"rendered":"<h2>Flubromazepam<span class=\"___SText_pr68d-red-team\" data-ui-name=\"Link.Text\">\u00a0opera\u00e7\u00e3o<\/span><\/h2>\n<p><strong>Flubromazepam <span class=\"___SText_pr68d-red-team\" data-ui-name=\"Link.Text\">opera\u00e7\u00e3o<\/span><\/strong> \u00e9 uma subst\u00e2ncia que \u00e9 vendida apenas para fins de pesquisa e, portanto, n\u00e3o se destina ao consumo.<\/p>\n<p>O flubromazepam mant\u00e9m sua estabilidade por at\u00e9 2 anos quando armazenado em ambiente apropriado. O flubromazepam \u00e9 destinado a fins de pesquisa e n\u00e3o ao consumo. Por isso, \u00e9 importante que o produto fique fora do alcance de crian\u00e7as e animais de estima\u00e7\u00e3o.<a title=\"1V-LSD 150 MCG Blotters\" href=\"https:\/\/apexresearchchemical.eu\/pt\/comprar\/lisergamidas\/1v-lsd-150-mcg-blotters\/\" target=\"_blank\" rel=\"noopener\">1V-LSD 150 MCG Blotters<\/a><\/p>\n<p>Oferecemos produtos qu\u00edmicos de pesquisa de boa qualidade por um pre\u00e7o justo. Seu pedido ser\u00e1 enviado dentro de 24 horas todos os dias. Portanto, ordem <em>Flubromazepam<\/em> seguro e r\u00e1pido via !<a title=\"C\u00e1psulas 2C-EF 2mg\" href=\"https:\/\/apexresearchchemical.eu\/pt\/comprar\/fenetilamina\/capsulas-2c-ef-2mg\/\" target=\"_blank\" rel=\"noopener\">C\u00e1psulas 2C-EF 2mg<\/a><\/p>\n<h3>Propriedades do flubromazepam<\/h3>\n<p><strong>Sin\u00f4nimo:<\/strong> Flubromazepam<br \/>\n<strong>N\u00famero CAS:<\/strong> 2647-50-9<br \/>\n<strong>F\u00f3rmula:<\/strong> 7-bromo-5-(2-fluorofenil)-1,3-di-hidro-2H-1,4-benzodiazepin-2-ona<br \/>\n<strong>Massa molar:<\/strong> 333,2 g\/mol<br \/>\n<strong>Pureza:<\/strong> &gt;97%<\/p>\n<h3>O que \u00e9 flubromazepam?<\/h3>\n<p>Flubromazepam \u00e9 um produto qu\u00edmico de pesquisa pertencente \u00e0 classe das benzodiazepinas. \u00c9 um composto sint\u00e9tico que tem despertado o interesse de pesquisadores por seus poss\u00edveis efeitos no sistema nervoso central.<\/p>\n<p>O flubromazepam \u00e9 derivado da fam\u00edlia de medicamentos benzodiazep\u00ednicos, conhecidos por suas propriedades sedativas, ansiol\u00edticas e relaxantes musculares. Ele foi desenvolvido como uma modifica\u00e7\u00e3o de benzodiazep\u00ednicos existentes para investigar varia\u00e7\u00f5es no perfil farmacol\u00f3gico e potenciais aplica\u00e7\u00f5es terap\u00eauticas. Os pesquisadores est\u00e3o particularmente interessados em estudar a intera\u00e7\u00e3o do Flubromazepam com os receptores GABA-A no c\u00e9rebro. Esses receptores desempenham um papel crucial na regula\u00e7\u00e3o de neurotransmissores inibit\u00f3rios.<\/p>\n<p>O desenvolvimento do Flubromazepam como um produto qu\u00edmico de pesquisa \u00e9 motivado pela curiosidade cient\u00edfica e pelo desejo de melhorar nossa compreens\u00e3o dos compostos benzodiazep\u00ednicos. Ao conduzir pesquisas rigorosas, os cientistas pretendem aumentar nosso conhecimento sobre os efeitos do composto no sistema nervoso central e contribuir para uma compreens\u00e3o mais ampla dos benzodiazep\u00ednicos.<\/p>\n<h3>Como surgiu o flubromazepam?<\/h3>\n<p>A hist\u00f3ria do produto qu\u00edmico Flubromazepam est\u00e1 intimamente ligada ao desenvolvimento e \u00e0 explora\u00e7\u00e3o de compostos benzodiazep\u00ednicos. Benzodiazep\u00ednicos, uma classe conhecida por suas propriedades sedativas, ansiol\u00edticas e relaxantes musculares, t\u00eam uma longa hist\u00f3ria em pesquisas farmac\u00eauticas.<\/p>\n<p>O pr\u00f3prio flubromazepam surgiu como uma subst\u00e2ncia qu\u00edmica para investiga\u00e7\u00e3o nos \u00faltimos anos, \u00e0 medida que os cientistas buscavam expandir seu conhecimento e compreens\u00e3o sobre os benzodiazep\u00ednicos. O composto foi desenvolvido como uma modifica\u00e7\u00e3o dos benzodiazep\u00ednicos existentes para investigar potenciais varia\u00e7\u00f5es no perfil farmacol\u00f3gico e nas propriedades.<\/p>\n<p>A s\u00edntese e o estudo do Flubromazepam ocorreram principalmente no dom\u00ednio da pesquisa cient\u00edfica. Pesquisadores, incluindo qu\u00edmicos, farmacologistas e neurocientistas, est\u00e3o interessados em investigar a estrutura qu\u00edmica do composto, seus efeitos no sistema nervoso central e suas poss\u00edveis aplica\u00e7\u00f5es terap\u00eauticas.<a title=\"Pellets de 2-CMC 250 mg\" href=\"https:\/\/apexresearchchemical.eu\/pt\/comprar\/catinonas\/%f0%9f%92%a1-po-cristalino-de-2-mmc-para-todas-as-perguntas-e-respostas-sobre-compra\/\" target=\"_blank\" rel=\"noopener\">Pellets de 2-CMC 250 mg<\/a><\/p>\n<h3>Declara\u00e7\u00e3o de perigo<\/h3>\n<p>Flubromazepam pode causar irrita\u00e7\u00e3o nas vias a\u00e9reas<br \/>\nFlubromazepam pode causar irrita\u00e7\u00e3o nos olhos.<br \/>\n\u00c9 proibido descarregar produtos qu\u00edmicos de pesquisa no meio ambiente.<\/p>\n<p>Flubromazepam EM CONTATO COM OS OLHOS: Enx\u00e1gue os olhos cuidadosamente com \u00e1gua durante cinco minutos. Remova as lentes de contato se poss\u00edvel<a href=\"http:\/\/google.nl\" target=\"_blank\" rel=\"noopener\">.<\/a><\/p>\n<p>Flubromazepam EM CONTATO COM A PELE: Lave a pele com \u00e1gua e sab\u00e3o.<\/p>\n<p>AP\u00d3S INALA\u00c7\u00c3O Flubromazepam: Remova a v\u00edtima para o ar fresco e mantenha-a em uma posi\u00e7\u00e3o confort\u00e1vel para respirar.<\/p>","protected":false},"excerpt":{"rendered":"<p>Efeito do Flubromazepam O efeito do Flubromazepam \u00e9 uma subst\u00e2ncia que \u00e9 vendida apenas para fins de pesquisa e, portanto, n\u00e3o se destina ao consumo.<\/p>","protected":false},"featured_media":29380,"comment_status":"closed","ping_status":"closed","template":"","meta":[],"product_brand":[82],"product_cat":[76,386],"product_tag":[138,139,140,142,141,326],"class_list":{"0":"post-23317","1":"product","2":"type-product","3":"status-publish","4":"has-post-thumbnail","6":"product_brand-research-chemical","7":"product_cat-benzodiazepinen","8":"product_cat-flubromazepam","9":"product_tag-flubromazepam","10":"product_tag-flubromazepam-effects","11":"product_tag-flubromazepam-ervaring","12":"product_tag-flubromazepam-halfwaardetijd","13":"product_tag-flubromazepam-werking","14":"product_tag-nl","16":"first","17":"instock","18":"taxable","19":"shipping-taxable","20":"purchasable","21":"product-type-variable"},"_links":{"self":[{"href":"https:\/\/apexresearchchemical.eu\/pt\/wp-json\/wp\/v2\/product\/23317","targetHints":{"allow":["GET"]}}],"collection":[{"href":"https:\/\/apexresearchchemical.eu\/pt\/wp-json\/wp\/v2\/product"}],"about":[{"href":"https:\/\/apexresearchchemical.eu\/pt\/wp-json\/wp\/v2\/types\/product"}],"replies":[{"embeddable":true,"href":"https:\/\/apexresearchchemical.eu\/pt\/wp-json\/wp\/v2\/comments?post=23317"}],"version-history":[{"count":3,"href":"https:\/\/apexresearchchemical.eu\/pt\/wp-json\/wp\/v2\/product\/23317\/revisions"}],"predecessor-version":[{"id":25431,"href":"https:\/\/apexresearchchemical.eu\/pt\/wp-json\/wp\/v2\/product\/23317\/revisions\/25431"}],"wp:featuredmedia":[{"embeddable":true,"href":"https:\/\/apexresearchchemical.eu\/pt\/wp-json\/wp\/v2\/media\/29380"}],"wp:attachment":[{"href":"https:\/\/apexresearchchemical.eu\/pt\/wp-json\/wp\/v2\/media?parent=23317"}],"wp:term":[{"taxonomy":"product_brand","embeddable":true,"href":"https:\/\/apexresearchchemical.eu\/pt\/wp-json\/wp\/v2\/product_brand?post=23317"},{"taxonomy":"product_cat","embeddable":true,"href":"https:\/\/apexresearchchemical.eu\/pt\/wp-json\/wp\/v2\/product_cat?post=23317"},{"taxonomy":"product_tag","embeddable":true,"href":"https:\/\/apexresearchchemical.eu\/pt\/wp-json\/wp\/v2\/product_tag?post=23317"}],"curies":[{"name":"wp","href":"https:\/\/api.w.org\/{rel}","templated":true}]}}