{"id":23960,"date":"2025-04-13T17:40:47","date_gmt":"2025-04-13T17:40:47","guid":{"rendered":"https:\/\/apexresearchchemical.eu\/?post_type=product&#038;p=23960"},"modified":"2026-03-20T12:11:44","modified_gmt":"2026-03-20T12:11:44","slug":"3-fluoroetanfetamina","status":"publish","type":"product","link":"https:\/\/apexresearchchemical.eu\/pt\/comprar\/3-fea\/3-fluoroetanfetamina\/","title":{"rendered":"3-FEA (3-Fluoroetanfetamina)"},"content":{"rendered":"<h1>3-FEA (3-Fluoroetanfetamina) \u2013 Produto qu\u00edmico de pesquisa qualitativa para fins cient\u00edficos<\/h1>\n<h2>Descri\u00e7\u00e3o do produto<\/h2>\n<p>3-FEA (3-fluoroetanfetamina) \u00e9 um produto qu\u00edmico de pesquisa utilizado principalmente em aplica\u00e7\u00f5es cient\u00edficas e anal\u00edticas. Esta subst\u00e2ncia pertence \u00e0 classe das anfetaminas fluoradas e \u00e9 valorizada por suas propriedades qu\u00edmicas \u00fanicas, o que a torna interessante para pesquisas farmacol\u00f3gicas e neurocient\u00edficas.<\/p>\n<h2>Alta qualidade e pureza<\/h2>\n<p>Nosso 3-FEA \u00e9 cuidadosamente sintetizado e controlado quanto \u00e0 pureza, para que os pesquisadores possam contar com resultados consistentes e confi\u00e1veis. Cada lote passa por rigorosos testes de qualidade, incluindo an\u00e1lises por HPLC e GC-MS, para garantir o mais alto padr\u00e3o.<\/p>\n<h2>\u00c1reas de aplica\u00e7\u00e3o<\/h2>\n<ul>\n<li><strong>Pesquisa Neuroqu\u00edmica:<\/strong> Estudar as intera\u00e7\u00f5es com sistemas de neurotransmissores<\/li>\n<li><strong>Estudos Farmacol\u00f3gicos:<\/strong> Investigar os potenciais efeitos e vias metab\u00f3licas<\/li>\n<li><strong>Padr\u00e3o de refer\u00eancia anal\u00edtico:<\/strong> Uso em espectrometria de massa e cromatografia<\/li>\n<\/ul>\n<h2>Armazenamento e manuseio<\/h2>\n<p>Armazene o 3-FEA em ambiente fresco e seco, protegido da luz e da umidade, para garantir a estabilidade. Sempre utilize equipamentos de prote\u00e7\u00e3o individual (luvas, jaleco, \u00f3culos de seguran\u00e7a) ao manusear esta subst\u00e2ncia.<\/p>\n<h2>Uso seguro e notas importantes<\/h2>\n<p>O 3-FEA destina-se apenas ao uso em pesquisa em ambientes de laborat\u00f3rio controlados e \u00e9 <strong>n\u00e3o destinado ao consumo humano ou animal<\/strong>\u00c9 essencial consultar as leis locais antes de comprar este produto, pois a legalidade pode variar de pa\u00eds para pa\u00eds.<\/p>\n<h2>Por que escolher nosso 3-FEA?<\/h2>\n<ul>\n<li><strong>Pureza Certificada<\/strong> \u2013 Controle de qualidade preciso para resultados \u00f3timos<\/li>\n<li><strong>Entrega confi\u00e1vel<\/strong> \u2013 Envio r\u00e1pido e discreto dentro da UE<\/li>\n<li><strong>Suporte Profissional<\/strong> \u2013 Assessoria t\u00e9cnica para aplica\u00e7\u00f5es de pesquisa<\/li>\n<\/ul>\n<h2>Isen\u00e7\u00e3o de responsabilidade<\/h2>\n<p>Este produto destina-se apenas a fins de pesquisa legalmente permitidos. Ao fazer o pedido, voc\u00ea confirma que \u00e9 um pesquisador qualificado e que utilizar\u00e1 a subst\u00e2ncia legalmente.<\/p>\n<p>Para obter mais informa\u00e7\u00f5es sobre 3-FEA ou outros produtos qu\u00edmicos de pesquisa, entre em contato <a href=\"http:\/\/google.nl\" target=\"_blank\" rel=\"noopener\">n\u00f3s<\/a> para cima. Estamos prontos para apoiar seus projetos cient\u00edficos com produtos de alta qualidade.<\/p>\n<p><a title=\"1cP-LSD 150 MCG Art Blotters\" href=\"https:\/\/apexresearchchemical.eu\/pt\/comprar\/lisergamidas\/1cp-lsd-150-mcg\/\" target=\"_blank\" rel=\"noopener\">1cP-LSD 150 MCG Art Blotters <\/a><a title=\"Pellets de O-DSMT 50 mg\" href=\"https:\/\/apexresearchchemical.eu\/pt\/comprar\/pelotas-2\/pellets-de-dsmt-50mg\/\" target=\"_blank\" rel=\"noopener\">Pellets de O-DSMT 50 mg <\/a><a title=\"1V-LSD 150 MCG Blotters\" href=\"https:\/\/apexresearchchemical.eu\/pt\/comprar\/lisergamidas\/1v-lsd-150-mcg-blotters\/\" target=\"_blank\" rel=\"noopener\">1V-LSD 150 MCG Blotters <\/a><a title=\"Pellets de 2-CMC 250 mg\" href=\"https:\/\/apexresearchchemical.eu\/pt\/comprar\/catinonas\/%f0%9f%92%a1-po-cristalino-de-2-mmc-para-todas-as-perguntas-e-respostas-sobre-compra\/\" target=\"_blank\" rel=\"noopener\">Pellets de 2-CMC 250 mg <\/a><a title=\"C\u00e1psulas 2C-EF 2mg\" href=\"https:\/\/apexresearchchemical.eu\/pt\/comprar\/fenetilamina\/capsulas-2c-ef-2mg\/\" target=\"_blank\" rel=\"noopener\">C\u00e1psulas 2C-EF 2mg<\/a><\/p>","protected":false},"excerpt":{"rendered":"<h2>Propriedades 3-FEA<\/h2>\n<p><strong>Sin\u00f4nimo<\/strong>: 3-Fluoroetanfetamina<br \/>\n<strong>N\u00famero CAS<\/strong>: 54982-43-3<br \/>\n<strong>F\u00f3rmula<\/strong>: C<sub><small>11<\/small><\/sub>H<sub><small>16<\/small><\/sub>FN \u2022 HCl<br \/>\n<strong>Massa molar<\/strong>: 217.7<br \/>\n<strong>Pureza<\/strong>: \u226599%<\/p>","protected":false},"featured_media":29245,"comment_status":"closed","ping_status":"closed","template":"","meta":[],"product_brand":[82],"product_cat":[438,322,333,398],"product_tag":[660,892,326],"class_list":{"0":"post-23960","1":"product","2":"type-product","3":"status-publish","4":"has-post-thumbnail","6":"product_brand-research-chemical","7":"product_cat-3-fea","8":"product_cat-bijna-verboden","9":"product_cat-gefluoreerden","10":"product_cat-verkoop","11":"product_tag-3-fea","12":"product_tag-3-fluoroethamphetamine","13":"product_tag-nl","15":"first","16":"instock","17":"sale","18":"taxable","19":"shipping-taxable","20":"purchasable","21":"product-type-variable"},"_links":{"self":[{"href":"https:\/\/apexresearchchemical.eu\/pt\/wp-json\/wp\/v2\/product\/23960","targetHints":{"allow":["GET"]}}],"collection":[{"href":"https:\/\/apexresearchchemical.eu\/pt\/wp-json\/wp\/v2\/product"}],"about":[{"href":"https:\/\/apexresearchchemical.eu\/pt\/wp-json\/wp\/v2\/types\/product"}],"replies":[{"embeddable":true,"href":"https:\/\/apexresearchchemical.eu\/pt\/wp-json\/wp\/v2\/comments?post=23960"}],"version-history":[{"count":5,"href":"https:\/\/apexresearchchemical.eu\/pt\/wp-json\/wp\/v2\/product\/23960\/revisions"}],"predecessor-version":[{"id":26406,"href":"https:\/\/apexresearchchemical.eu\/pt\/wp-json\/wp\/v2\/product\/23960\/revisions\/26406"}],"wp:featuredmedia":[{"embeddable":true,"href":"https:\/\/apexresearchchemical.eu\/pt\/wp-json\/wp\/v2\/media\/29245"}],"wp:attachment":[{"href":"https:\/\/apexresearchchemical.eu\/pt\/wp-json\/wp\/v2\/media?parent=23960"}],"wp:term":[{"taxonomy":"product_brand","embeddable":true,"href":"https:\/\/apexresearchchemical.eu\/pt\/wp-json\/wp\/v2\/product_brand?post=23960"},{"taxonomy":"product_cat","embeddable":true,"href":"https:\/\/apexresearchchemical.eu\/pt\/wp-json\/wp\/v2\/product_cat?post=23960"},{"taxonomy":"product_tag","embeddable":true,"href":"https:\/\/apexresearchchemical.eu\/pt\/wp-json\/wp\/v2\/product_tag?post=23960"}],"curies":[{"name":"wp","href":"https:\/\/api.w.org\/{rel}","templated":true}]}}