{"id":24262,"date":"2025-04-13T17:41:21","date_gmt":"2025-04-13T17:41:21","guid":{"rendered":"https:\/\/apexresearchchemical.eu\/?post_type=product&#038;p=24262"},"modified":"2026-03-20T09:50:40","modified_gmt":"2026-03-20T09:50:40","slug":"rc-beta-k-2c-b-saco-3-pellets","status":"publish","type":"product","link":"https:\/\/apexresearchchemical.eu\/pt\/comprar\/b2b\/rc-beta-k-2c-b-saco-3-pellets\/","title":{"rendered":"Saco RC+ Beta-k-2C-B com 3 pellets"},"content":{"rendered":"<h2 class=\"ds-markdown-paragraph\"><strong>Beta-K-2C-B 3 Pellets \u2013 Qu\u00edmica Inovadora de Pesquisa em Fenetilamina<\/strong><\/h2>\n<p class=\"ds-markdown-paragraph\"><strong>Nome do produto:<\/strong>\u00a0RC+ Beta-K-2C-B (\u03b2k-2C-B) \u2013 3 pellets por saco<br \/>\n<strong>Categoria:<\/strong>\u00a0Produtos qu\u00edmicos de pesquisa (classe de feniletilamina psicod\u00e9lica)<br \/>\n<strong>Aplicativo:<\/strong> Pesquisa Neuropsicol\u00f3gica e Estudos de Receptores.<a title=\"C\u00e1psulas 2C-EF 2mg\" href=\"https:\/\/apexresearchchemical.eu\/pt\/comprar\/fenetilamina\/capsulas-2c-ef-2mg\/\" target=\"_blank\" rel=\"noopener\">C\u00e1psulas 2C-EF 2mg<\/a><\/p>\n<hr \/>\n<h3><strong>Caracter\u00edsticas do produto:<\/strong><\/h3>\n<p class=\"ds-markdown-paragraph\">\ud83d\udd2c\u00a0<strong>Composto de alta pureza<\/strong>\u00a0(&gt;98% pureza)<br \/>\n\ud83d\udc8a\u00a0<strong>3 pellets por saco<\/strong>\u00a0(dosagem padronizada)<br \/>\n\ud83d\udce6\u00a0<strong>Embalagem selada a v\u00e1cuo<\/strong>\u00a0para estabilidade ideal<br \/>\n\ud83d\udcca\u00a0<strong>Amplo controle de qualidade<\/strong>\u00a0(An\u00e1lise por HPLC e GC\/MS)<\/p>\n<h3><strong>Relev\u00e2ncia cient\u00edfica:<\/strong><\/h3>\n<p class=\"ds-markdown-paragraph\">Beta-K-2C-B \u00e9 um composto interessante para pesquisa em:<\/p>\n<ul>\n<li>\n<p class=\"ds-markdown-paragraph\">Intera\u00e7\u00f5es do receptor serotonin\u00e9rgico (5-HT2A\/2C)<\/p>\n<\/li>\n<li>\n<p class=\"ds-markdown-paragraph\">Estudos de rela\u00e7\u00e3o estrutura-atividade (SAR)<\/p>\n<\/li>\n<li>\n<p class=\"ds-markdown-paragraph\">Farmacodin\u00e2mica comparativa com psicod\u00e9licos cl\u00e1ssicos.<a title=\"Pellets de 2-CMC 250 mg\" href=\"https:\/\/apexresearchchemical.eu\/pt\/comprar\/catinonas\/%f0%9f%92%a1-po-cristalino-de-2-mmc-para-todas-as-perguntas-e-respostas-sobre-compra\/\" target=\"_blank\" rel=\"noopener\">Pellets de 2-CMC 250 mg<\/a><\/p>\n<\/li>\n<\/ul>\n<p class=\"ds-markdown-paragraph\"><strong>Nota importante:<\/strong><\/p>\n<ul>\n<li>\n<p class=\"ds-markdown-paragraph\">Somente para pesquisa in vitro<\/p>\n<\/li>\n<li>\n<p class=\"ds-markdown-paragraph\">N\u00e3o para consumo humano\/animal<\/p>\n<\/li>\n<li>\n<p class=\"ds-markdown-paragraph\">N\u00e3o se destina a uso medicinal ou recreativo<\/p>\n<\/li>\n<\/ul>\n<hr \/>\n<h3><strong>Seguran\u00e7a laboratorial:<\/strong><\/h3>\n<p class=\"ds-markdown-paragraph\">\u26a0\u00a0<strong>Protocolos padr\u00e3o:<\/strong><\/p>\n<ul>\n<li>\n<p class=\"ds-markdown-paragraph\">Trabalhando em um ambiente condicionado<\/p>\n<\/li>\n<li>\n<p class=\"ds-markdown-paragraph\">Prote\u00e7\u00e3o individual completa (jaleco, luvas, \u00f3culos de seguran\u00e7a).<a title=\"1V-LSD 150 MCG Blotters\" href=\"https:\/\/apexresearchchemical.eu\/pt\/comprar\/lisergamidas\/1v-lsd-150-mcg-blotters\/\" target=\"_blank\" rel=\"noopener\">1V-LSD 150 MCG Blotters<\/a><\/p>\n<\/li>\n<li>\n<p class=\"ds-markdown-paragraph\">Ventila\u00e7\u00e3o adequada necess\u00e1ria<\/p>\n<\/li>\n<\/ul>\n<p class=\"ds-markdown-paragraph\">\u26a0\u00a0<strong>Situa\u00e7\u00e3o jur\u00eddica:<\/strong><\/p>\n<ul>\n<li>\n<p class=\"ds-markdown-paragraph\">Possivelmente regulamentado como NPS (Nova Subst\u00e2ncia Psicoativa)<\/p>\n<\/li>\n<li>\n<p class=\"ds-markdown-paragraph\">Os pesquisadores devem verificar as leis locais<\/p>\n<\/li>\n<li>\n<p class=\"ds-markdown-paragraph\">Responsabilidade total com o comprador<\/p>\n<\/li>\n<\/ul>\n<hr \/>\n<h3><strong>Benef\u00edcios da pesquisa:<\/strong><\/h3>\n<p class=\"ds-markdown-paragraph\">\u2705\u00a0<strong>Qualidade consistente<\/strong>\u00a0por lote de produ\u00e7\u00e3o<br \/>\n\u2705\u00a0<strong>Pequenas quantidades<\/strong>\u00a0para estudos piloto<br \/>\n\u2705\u00a0<strong>Documenta\u00e7\u00e3o cient\u00edfica<\/strong>\u00a0dispon\u00edvel<br \/>\n\u2705\u00a0<strong>Envio discreto<\/strong>\u00a0dentro da UE<\/p>","protected":false},"excerpt":{"rendered":"<p><strong>Sin\u00f4nimo:<\/strong> bk-2C-B<br \/>\n<strong>N\u00famero CAS:<\/strong><br \/>\n<strong>F\u00f3rmula:<\/strong> Cloridrato de 2-amino-1-(4-bromo-2,5-dimetoxifenil)-etanona<br \/>\n<strong>Massa molar:<\/strong> 296,6 g\/mol<br \/>\n<strong>Pureza:<\/strong> &gt;97%<\/p>","protected":false},"featured_media":29454,"comment_status":"closed","ping_status":"closed","template":"","meta":[],"product_brand":[82],"product_cat":[555],"product_tag":[869,244,867,326,868],"class_list":{"0":"post-24262","1":"product","2":"type-product","3":"status-publish","4":"has-post-thumbnail","6":"product_brand-research-chemical","7":"product_cat-b2b","8":"product_tag-2c-b-analogon-pellets","9":"product_tag-beta-k-2c-b","10":"product_tag-beta-k-2c-b-onderzoek","11":"product_tag-nl","12":"product_tag-rc-psychedelische-fenethylamine","14":"first","15":"instock","16":"taxable","17":"shipping-taxable","18":"purchasable","19":"product-type-variable"},"_links":{"self":[{"href":"https:\/\/apexresearchchemical.eu\/pt\/wp-json\/wp\/v2\/product\/24262","targetHints":{"allow":["GET"]}}],"collection":[{"href":"https:\/\/apexresearchchemical.eu\/pt\/wp-json\/wp\/v2\/product"}],"about":[{"href":"https:\/\/apexresearchchemical.eu\/pt\/wp-json\/wp\/v2\/types\/product"}],"replies":[{"embeddable":true,"href":"https:\/\/apexresearchchemical.eu\/pt\/wp-json\/wp\/v2\/comments?post=24262"}],"version-history":[{"count":3,"href":"https:\/\/apexresearchchemical.eu\/pt\/wp-json\/wp\/v2\/product\/24262\/revisions"}],"predecessor-version":[{"id":26004,"href":"https:\/\/apexresearchchemical.eu\/pt\/wp-json\/wp\/v2\/product\/24262\/revisions\/26004"}],"wp:featuredmedia":[{"embeddable":true,"href":"https:\/\/apexresearchchemical.eu\/pt\/wp-json\/wp\/v2\/media\/29454"}],"wp:attachment":[{"href":"https:\/\/apexresearchchemical.eu\/pt\/wp-json\/wp\/v2\/media?parent=24262"}],"wp:term":[{"taxonomy":"product_brand","embeddable":true,"href":"https:\/\/apexresearchchemical.eu\/pt\/wp-json\/wp\/v2\/product_brand?post=24262"},{"taxonomy":"product_cat","embeddable":true,"href":"https:\/\/apexresearchchemical.eu\/pt\/wp-json\/wp\/v2\/product_cat?post=24262"},{"taxonomy":"product_tag","embeddable":true,"href":"https:\/\/apexresearchchemical.eu\/pt\/wp-json\/wp\/v2\/product_tag?post=24262"}],"curies":[{"name":"wp","href":"https:\/\/api.w.org\/{rel}","templated":true}]}}