{"id":24332,"date":"2025-04-13T17:41:30","date_gmt":"2025-04-13T17:41:30","guid":{"rendered":"https:\/\/apexresearchchemical.eu\/?post_type=product&#038;p=24332"},"modified":"2026-03-20T09:17:42","modified_gmt":"2026-03-20T09:17:42","slug":"blister-de-moxy-rc-10mg","status":"publish","type":"product","link":"https:\/\/apexresearchchemical.eu\/pt\/comprar\/b2b\/blister-de-moxy-rc-10mg\/","title":{"rendered":"RC+ Moxy 10mg Blister"},"content":{"rendered":"<p class=\"ds-markdown-paragraph\"><strong><span class=\"___SText_anxqe-ko_\" data-ui-name=\"Link.Text\">Moxy 5 meo mipt <\/span>Blister de 10 mg \u2013 Qu\u00edmica de pesquisa premium para fins cient\u00edficos<\/strong><\/p>\n<p class=\"ds-markdown-paragraph\"><strong>Nome do produto:<\/strong>\u00a0RC+ Moxy (5-MeO-MiPT) \u2013 10 mg por comprimido \u2013 Embalagem blister<br \/>\n<strong>Categoria:<\/strong>\u00a0Produtos qu\u00edmicos de pesquisa (classe psicod\u00e9lica\/triptamina)<br \/>\n<strong>\u00c2mbito de aplica\u00e7\u00e3o:<\/strong> Pesquisas neuroqu\u00edmicas e estudos farmacol\u00f3gicos.<a title=\"1cP-LSD 150 MCG Art Blotters\" href=\"https:\/\/apexresearchchemical.eu\/pt\/comprar\/lisergamidas\/1cp-lsd-150-mcg\/\" target=\"_blank\" rel=\"noopener\">1cP-LSD 150 MCG Art Blotters<\/a><\/p>\n<hr \/>\n<h3><strong>Caracter\u00edsticas do produto: <span class=\"___SText_anxqe-ko_\" data-ui-name=\"Link.Text\">moxy 5 meo mipt<\/span><\/strong><\/h3>\n<p class=\"ds-markdown-paragraph\">\ud83d\udd2c\u00a0<strong>Alta pureza<\/strong>\u00a0(&gt;98%) \u2013 Otimizado para resultados de pesquisa precisos<br \/>\n\ud83d\udc8a\u00a0<strong>10 mg por comprimido<\/strong>\u00a0\u2013 Microdosagem precisa para experimentos controlados<br \/>\n\ud83d\udce6\u00a0<strong>Embalagem blister profissional<\/strong>\u00a0\u2013 Protege contra a degrada\u00e7\u00e3o pela luz\/humidade<br \/>\n\ud83d\udcca\u00a0<strong>Qualidade Certificada<\/strong>\u00a0\u2013 Relat\u00f3rios de an\u00e1lise HPLC\/MS dispon\u00edveis mediante solicita\u00e7\u00e3o<\/p>\n<h3><strong>Sobre <span class=\"___SText_anxqe-ko_\" data-ui-name=\"Link.Text\">moxy 5 meo mipt<\/span>:<\/strong><\/h3>\n<p class=\"ds-markdown-paragraph\">Uma subst\u00e2ncia de pesquisa da fam\u00edlia da triptamina com propriedades farmacol\u00f3gicas interessantes para:<\/p>\n<ul>\n<li>\n<p class=\"ds-markdown-paragraph\">Pesquisa do receptor serotonin\u00e9rgico<\/p>\n<\/li>\n<li>\n<p class=\"ds-markdown-paragraph\">Estudos de neurotransmiss\u00e3o<\/p>\n<\/li>\n<li>\n<p class=\"ds-markdown-paragraph\">An\u00e1lises comparativas de perfis psicoativos.<a title=\"Pellets de O-DSMT 50 mg\" href=\"https:\/\/apexresearchchemical.eu\/pt\/comprar\/pelotas-2\/pellets-de-dsmt-50mg\/\" target=\"_blank\" rel=\"noopener\">Pellets de O-DSMT 50 mg<\/a><\/p>\n<\/li>\n<\/ul>\n<p class=\"ds-markdown-paragraph\"><strong>Importante:<\/strong><\/p>\n<ul>\n<li>\n<p class=\"ds-markdown-paragraph\">Somente para pesquisa in vitro<\/p>\n<\/li>\n<li>\n<p class=\"ds-markdown-paragraph\">N\u00e3o para consumo humano\/animal<\/p>\n<\/li>\n<li>\n<p class=\"ds-markdown-paragraph\">N\u00e3o se destina ao uso medicinal ou recreativo.<a title=\"Pellets de 2-CMC 250 mg\" href=\"https:\/\/apexresearchchemical.eu\/pt\/comprar\/catinonas\/%f0%9f%92%a1-po-cristalino-de-2-mmc-para-todas-as-perguntas-e-respostas-sobre-compra\/\" target=\"_blank\" rel=\"noopener\">Pellets de 2-CMC 250 mg<\/a><\/p>\n<\/li>\n<\/ul>\n<hr \/>\n<h3><strong>Protocolo de seguran\u00e7a:<span class=\"___SText_anxqe-ko_\" data-ui-name=\"Link.Text\">moxy 5 meo mipt<\/span><\/strong><\/h3>\n<p class=\"ds-markdown-paragraph\">\u26a0\u00a0<strong>Instru\u00e7\u00f5es de laborat\u00f3rio:<\/strong><\/p>\n<ul>\n<li>\n<p class=\"ds-markdown-paragraph\">Trabalhe sempre com luvas\/jaleco<\/p>\n<\/li>\n<li>\n<p class=\"ds-markdown-paragraph\">Utilizar somente em ambiente controlado de laborat\u00f3rio<\/p>\n<\/li>\n<li>\n<p class=\"ds-markdown-paragraph\">Evite contato direto com a pele\/olhos<\/p>\n<\/li>\n<\/ul>\n<p class=\"ds-markdown-paragraph\">\u26a0\u00a0<strong>Situa\u00e7\u00e3o jur\u00eddica:<\/strong><\/p>\n<ul>\n<li>\n<p class=\"ds-markdown-paragraph\">Regulamentado na Holanda pela Lei do \u00d3pio<\/p>\n<\/li>\n<li>\n<p class=\"ds-markdown-paragraph\">Podem aplicar-se restri\u00e7\u00f5es a n\u00edvel da UE<\/p>\n<\/li>\n<li>\n<p class=\"ds-markdown-paragraph\">A responsabilidade da compra \u00e9 do pesquisador<\/p>\n<\/li>\n<\/ul>\n<hr \/>\n<h3><strong>Por que RC+ Moxy 10mg Blister?<\/strong><\/h3>\n<p class=\"ds-markdown-paragraph\">\u2705\u00a0<strong>Controle de qualidade avan\u00e7ado<\/strong>\u00a0\u2013 Cada lote testado de forma independente<br \/>\n\u2705\u00a0<strong>Envio discreto<\/strong>\u00a0\u2013 Embalagem totalmente an\u00f4nima<br \/>\n\u2705\u00a0<strong>Entrega r\u00e1pida na UE<\/strong>\u00a0\u2013 Dispon\u00edvel em armaz\u00e9ns europeus<br \/>\n\u2705\u00a0<strong>Documenta\u00e7\u00e3o cient\u00edfica<\/strong> \u2013 Informa\u00e7\u00f5es detalhadas do produto dispon\u00edveis.<a title=\"C\u00e1psulas 2C-EF 2mg\" href=\"https:\/\/apexresearchchemical.eu\/pt\/comprar\/fenetilamina\/capsulas-2c-ef-2mg\/\" target=\"_blank\" rel=\"noopener\">C\u00e1psulas 2C-EF 2mg<\/a><\/p>","protected":false},"excerpt":{"rendered":"<p><strong>CAS Nummer:<\/strong> 96096-55-8<br \/>\n<strong>Formule:<\/strong> N-[2-(5-methoxy-1H-indol-3-yl)ethyl]-N-methylpropan-2-amine<br \/>\n<strong>Molmassa:<\/strong> 246.354 g\u00b7mol<br \/>\n<strong>Zuiverheid:<\/strong> &gt;97%<\/p>\n","protected":false},"featured_media":29467,"comment_status":"closed","ping_status":"closed","template":"","meta":[],"product_brand":[82],"product_cat":[555],"product_tag":[824,826,825,326,827],"class_list":{"0":"post-24332","1":"product","2":"type-product","3":"status-publish","4":"has-post-thumbnail","6":"product_brand-research-chemical","7":"product_cat-b2b","8":"product_tag-5-meo-mipt-moxy","9":"product_tag-5-meo-mipt-moxy-purifie","10":"product_tag-moxy-5-meo-mipt","11":"product_tag-nl","12":"product_tag-purifie-moxy-5-meo-mipt","14":"first","15":"instock","16":"taxable","17":"shipping-taxable","18":"purchasable","19":"product-type-variable"},"_links":{"self":[{"href":"https:\/\/apexresearchchemical.eu\/pt\/wp-json\/wp\/v2\/product\/24332","targetHints":{"allow":["GET"]}}],"collection":[{"href":"https:\/\/apexresearchchemical.eu\/pt\/wp-json\/wp\/v2\/product"}],"about":[{"href":"https:\/\/apexresearchchemical.eu\/pt\/wp-json\/wp\/v2\/types\/product"}],"replies":[{"embeddable":true,"href":"https:\/\/apexresearchchemical.eu\/pt\/wp-json\/wp\/v2\/comments?post=24332"}],"version-history":[{"count":3,"href":"https:\/\/apexresearchchemical.eu\/pt\/wp-json\/wp\/v2\/product\/24332\/revisions"}],"predecessor-version":[{"id":25994,"href":"https:\/\/apexresearchchemical.eu\/pt\/wp-json\/wp\/v2\/product\/24332\/revisions\/25994"}],"wp:featuredmedia":[{"embeddable":true,"href":"https:\/\/apexresearchchemical.eu\/pt\/wp-json\/wp\/v2\/media\/29467"}],"wp:attachment":[{"href":"https:\/\/apexresearchchemical.eu\/pt\/wp-json\/wp\/v2\/media?parent=24332"}],"wp:term":[{"taxonomy":"product_brand","embeddable":true,"href":"https:\/\/apexresearchchemical.eu\/pt\/wp-json\/wp\/v2\/product_brand?post=24332"},{"taxonomy":"product_cat","embeddable":true,"href":"https:\/\/apexresearchchemical.eu\/pt\/wp-json\/wp\/v2\/product_cat?post=24332"},{"taxonomy":"product_tag","embeddable":true,"href":"https:\/\/apexresearchchemical.eu\/pt\/wp-json\/wp\/v2\/product_tag?post=24332"}],"curies":[{"name":"wp","href":"https:\/\/api.w.org\/{rel}","templated":true}]}}