{"id":24334,"date":"2025-04-13T17:41:30","date_gmt":"2025-04-13T17:41:30","guid":{"rendered":"https:\/\/apexresearchchemical.eu\/?post_type=product&#038;p=24334"},"modified":"2026-03-20T09:19:45","modified_gmt":"2026-03-20T09:19:45","slug":"benzo-fury-100mg-blister","status":"publish","type":"product","link":"https:\/\/apexresearchchemical.eu\/pt\/comprar\/b2b\/benzo-fury-100mg-blister\/","title":{"rendered":"RC+ Benzo Fury 100mg Blister"},"content":{"rendered":"<h3><strong>Benzo Fury 100mg Blister \u2013 Qu\u00edmica de Pesquisa Poderosa<\/strong><\/h3>\n<p class=\"ds-markdown-paragraph\"><strong>Nome do produto:<\/strong>\u00a0RC Benzo Fury (6-APB \/ 5-APB) \u2013 100 mg por comprimido \u2013 Embalagem blister<br \/>\n<strong>Categoria principal:<\/strong>\u00a0Produtos qu\u00edmicos de pesquisa<br \/>\n<strong>Tipo:<\/strong>\u00a0Entactog\u00eanio estimulante (efeito esperado: euforia, energia, conex\u00e3o social)<\/p>\n<h4><strong>Caracter\u00edsticas do produto:<\/strong><\/h4>\n<p class=\"ds-markdown-paragraph\">\u2705\u00a0<strong>Alta qualidade<\/strong>\u00a0\u2013 Formulado de forma pura e consistente<br \/>\n\u2705\u00a0<strong>100 mg por comprimido<\/strong>\u00a0\u2013 Dosagem precisa para pesquisa<br \/>\n\u2705\u00a0<strong>Embalagem blister<\/strong>\u00a0\u2013 Protege contra a humidade <a href=\"http:\/\/google.nl\" target=\"_blank\" rel=\"noopener\">e<\/a> dano<br \/>\n\u2705\u00a0<strong>Testes de laborat\u00f3rio extensivos<\/strong>\u00a0\u2013 Otimiza\u00e7\u00e3o da pureza<\/p>\n<h4><strong>O que \u00e9 Benzo Fury (6-APB \/ 5-APB)?<\/strong><\/h4>\n<p class=\"ds-markdown-paragraph\">Benzo Fury \u00e9 um produto qu\u00edmico de pesquisa conhecido por seus efeitos estimulantes e empatog\u00eanicos, semelhantes a compostos como o MDMA. \u00c9 vendido exclusivamente para\u00a0<strong>pesquisa cient\u00edfica<\/strong>\u00a0e \u00e9\u00a0<strong>n\u00e3o destinado ao consumo humano<\/strong>.<a title=\"C\u00e1psulas 2C-EF 2mg\" href=\"https:\/\/apexresearchchemical.eu\/pt\/comprar\/fenetilamina\/capsulas-2c-ef-2mg\/\" target=\"_blank\" rel=\"noopener\">C\u00e1psulas 2C-EF 2mg<\/a><\/p>\n<h4><strong>Informa\u00e7\u00f5es importantes:<\/strong><\/h4>\n<p class=\"ds-markdown-paragraph\">\u26a0\u00a0<strong>Somente para fins de pesquisa<\/strong>\u00a0\u2013 N\u00e3o \u00e9 adequado para uso humano ou animal<br \/>\n\u26a0\u00a0<strong>Verifique a legisla\u00e7\u00e3o<\/strong>\u00a0\u2013 O status varia de acordo com o pa\u00eds (na Holanda, sob o\u00a0<strong>Lei do \u00d3pio<\/strong>)<br \/>\n\u26a0\u00a0<strong>Precau\u00e7\u00f5es de seguran\u00e7a:<\/strong> Utilize sempre prote\u00e7\u00e3o individual (luvas, ambiente de laborat\u00f3rio).<a title=\"Pellets de 2-CMC 250 mg\" href=\"https:\/\/apexresearchchemical.eu\/pt\/comprar\/catinonas\/%f0%9f%92%a1-po-cristalino-de-2-mmc-para-todas-as-perguntas-e-respostas-sobre-compra\/\" target=\"_blank\" rel=\"noopener\">Pellets de 2-CMC 250 mg<\/a><\/p>\n<h4><strong>Por que escolher este produto?<\/strong><\/h4>\n<p class=\"ds-markdown-paragraph\">\u2714\u00a0<strong>Qualidade confi\u00e1vel<\/strong>\u00a0\u2013 Testado exaustivamente quanto \u00e0 pureza<br \/>\n\u2714\u00a0<strong>Envio discreto<\/strong>\u00a0\u2013 Embalagem an\u00f3nima na UE<br \/>\n\u2714\u00a0<strong>Entrega r\u00e1pida<\/strong>\u00a0\u2013 Encomendado antes das 15h, enviado no pr\u00f3ximo dia \u00fatil<\/p>\n<p class=\"ds-markdown-paragraph\"><strong>OBS:<\/strong>\u00a0Este produto \u00e9\u00a0<strong>destinado apenas \u00e0 pesquisa cient\u00edfica<\/strong>\u00a0e n\u00e3o para uso recreativo. Verifique as leis locais antes de fazer o pedido.<a title=\"1V-LSD 150 MCG Blotters\" href=\"https:\/\/apexresearchchemical.eu\/pt\/comprar\/lisergamidas\/1v-lsd-150-mcg-blotters\/\" target=\"_blank\" rel=\"noopener\">1V-LSD 150 MCG Blotters<\/a><\/p>","protected":false},"excerpt":{"rendered":"<p><strong>Sin\u00f4nimo<\/strong>: 6-(2-aminopropil)benzofurano<br \/>\n<strong>N\u00famero CAS:<\/strong> 286834-85-3<br \/>\n<strong>F\u00f3rmula<\/strong>: <span title=\"Carbono\">C<\/span><sub>11<\/sub><span title=\"Hidrog\u00eanio\">H<\/span><sub>13<\/sub><span title=\"Azoto\">N<\/span><span title=\"Oxig\u00eanio\">O<\/span><br \/>\n<strong>Massa molar<\/strong>: <span class=\"nowrap\">175.231<\/span>\u00a0g\/mol<br \/>\n<strong>Pureza<\/strong>: &gt;98%<\/p>","protected":false},"featured_media":29452,"comment_status":"closed","ping_status":"closed","template":"","meta":[],"product_brand":[82],"product_cat":[555],"product_tag":[117,126,130,850,118,120,119,121,851,326,122],"class_list":{"0":"post-24334","1":"product","2":"type-product","3":"status-publish","4":"has-post-thumbnail","6":"product_brand-research-chemical","7":"product_cat-b2b","8":"product_tag-6-apb-benzo-fury","9":"product_tag-6-apb-kopen","10":"product_tag-6-apb-ervaring","11":"product_tag-6apb","12":"product_tag-benzo-fury","13":"product_tag-benzo-fury-bestellen-nederland","14":"product_tag-benzo-fury-drugs","15":"product_tag-benzo-fury-kopen","16":"product_tag-benzos-drugs","17":"product_tag-nl","18":"product_tag-wat-is-benzo-fury","20":"first","21":"instock","22":"taxable","23":"shipping-taxable","24":"purchasable","25":"product-type-variable"},"_links":{"self":[{"href":"https:\/\/apexresearchchemical.eu\/pt\/wp-json\/wp\/v2\/product\/24334","targetHints":{"allow":["GET"]}}],"collection":[{"href":"https:\/\/apexresearchchemical.eu\/pt\/wp-json\/wp\/v2\/product"}],"about":[{"href":"https:\/\/apexresearchchemical.eu\/pt\/wp-json\/wp\/v2\/types\/product"}],"replies":[{"embeddable":true,"href":"https:\/\/apexresearchchemical.eu\/pt\/wp-json\/wp\/v2\/comments?post=24334"}],"version-history":[{"count":3,"href":"https:\/\/apexresearchchemical.eu\/pt\/wp-json\/wp\/v2\/product\/24334\/revisions"}],"predecessor-version":[{"id":25988,"href":"https:\/\/apexresearchchemical.eu\/pt\/wp-json\/wp\/v2\/product\/24334\/revisions\/25988"}],"wp:featuredmedia":[{"embeddable":true,"href":"https:\/\/apexresearchchemical.eu\/pt\/wp-json\/wp\/v2\/media\/29452"}],"wp:attachment":[{"href":"https:\/\/apexresearchchemical.eu\/pt\/wp-json\/wp\/v2\/media?parent=24334"}],"wp:term":[{"taxonomy":"product_brand","embeddable":true,"href":"https:\/\/apexresearchchemical.eu\/pt\/wp-json\/wp\/v2\/product_brand?post=24334"},{"taxonomy":"product_cat","embeddable":true,"href":"https:\/\/apexresearchchemical.eu\/pt\/wp-json\/wp\/v2\/product_cat?post=24334"},{"taxonomy":"product_tag","embeddable":true,"href":"https:\/\/apexresearchchemical.eu\/pt\/wp-json\/wp\/v2\/product_tag?post=24334"}],"curies":[{"name":"wp","href":"https:\/\/api.w.org\/{rel}","templated":true}]}}