{"id":24336,"date":"2025-04-13T17:41:30","date_gmt":"2025-04-13T17:41:30","guid":{"rendered":"https:\/\/apexresearchchemical.eu\/?post_type=product&#038;p=24336"},"modified":"2026-03-20T09:21:57","modified_gmt":"2026-03-20T09:21:57","slug":"rc-d-mex-40mg-blister","status":"publish","type":"product","link":"https:\/\/apexresearchchemical.eu\/pt\/comprar\/b2b\/rc-d-mex-40mg-blister\/","title":{"rendered":"RC+ D-MEX 40mg Blister"},"content":{"rendered":"<h3><strong>Dmxe Experience 40mg Blister \u2013 Qu\u00edmica de Pesquisa para Estudo Cient\u00edfico<\/strong><\/h3>\n<p class=\"ds-markdown-paragraph\"><strong>Nome do produto:<\/strong>\u00a0RC D-MEX (relacionado \u00e0 metoxetamina\/MXE) \u2013 40 mg por comprimido \u2013 Embalagem blister<br \/>\n<strong>Categoria:<\/strong>\u00a0Produtos qu\u00edmicos de pesquisa (classe dissociativa)<br \/>\n<strong>Uso pretendido:<\/strong> Somente para pesquisa *in vitro* e estudo anal\u00edtico. <a title=\"1cP-LSD 150 MCG Art Blotters\" href=\"https:\/\/apexresearchchemical.eu\/pt\/comprar\/lisergamidas\/1cp-lsd-150-mcg\/\" target=\"_blank\" rel=\"noopener\">1cP-LSD 150 MCG Art Blotters<\/a><\/p>\n<h4><strong>Principais caracter\u00edsticas: <\/strong><strong>Experi\u00eancia Dmxe<\/strong><\/h4>\n<p class=\"ds-markdown-paragraph\">\ud83d\udd2c\u00a0<strong>Composi\u00e7\u00e3o de alta qualidade<\/strong>\u00a0\u2013 Otimizado para resultados precisos<br \/>\n\ud83d\udc8a\u00a0<strong>40 mg por comprimido<\/strong>\u00a0\u2013 Dosagem padronizada para pesquisa consistente<br \/>\n\ud83d\udce6\u00a0<strong>Embalagem blister<\/strong>\u00a0\u2013 M\u00e1xima prote\u00e7\u00e3o contra degrada\u00e7\u00e3o<br \/>\n\ud83d\udcca\u00a0<strong>Testado em laborat\u00f3rio<\/strong>\u00a0\u2013 Controle de qualidade para an\u00e1lises confi\u00e1veis<\/p>\n<h4><strong>O que \u00e9 RC D-MEX?<\/strong><\/h4>\n<p class=\"ds-markdown-paragraph\">RC D-MEX \u00e9 um produto qu\u00edmico de pesquisa com propriedades dissociativas, relacionado a compostos como\u00a0<strong>Metoxetamina (MXE)<\/strong>.<a title=\"1V-LSD 150 MCG Blotters\" href=\"https:\/\/apexresearchchemical.eu\/pt\/comprar\/lisergamidas\/1v-lsd-150-mcg-blotters\/\" target=\"_blank\" rel=\"noopener\">1V-LSD 150 MCG Blotters<\/a><\/p>\n<ul>\n<li>\n<p class=\"ds-markdown-paragraph\"><strong>Aplica\u00e7\u00e3o principal:<\/strong>\u00a0Estudo cient\u00edfico das intera\u00e7\u00f5es farmacol\u00f3gicas<\/p>\n<\/li>\n<li>\n<p class=\"ds-markdown-paragraph\"><strong>N\u00e3o se destina a:<\/strong>\u00a0Consumo humano\/animal, uso recreativo ou uso medicinal<\/p>\n<\/li>\n<\/ul>\n<h4><strong>Informa\u00e7\u00f5es legais e de seguran\u00e7a:<\/strong><\/h4>\n<p class=\"ds-markdown-paragraph\">\u26a0\u00a0<strong>Somente para fins de pesquisa<\/strong>\u00a0\u2013 N\u00e3o para bioensaio (humano\/animal)<br \/>\n\u26a0\u00a0<strong>Situa\u00e7\u00e3o holandesa:<\/strong>\u00a0Possivelmente regulamentado pela\u00a0<strong>Lei do \u00d3pio<\/strong>\u00a0\u2013 verifique antes da compra<br \/>\n\u26a0\u00a0<strong>Seguran\u00e7a de laborat\u00f3rio:<\/strong> Use luvas e trabalhe em um ambiente controlado.<a title=\"Pellets de 2-CMC 250 mg\" href=\"https:\/\/apexresearchchemical.eu\/pt\/comprar\/catinonas\/%f0%9f%92%a1-po-cristalino-de-2-mmc-para-todas-as-perguntas-e-respostas-sobre-compra\/\" target=\"_blank\" rel=\"noopener\">Pellets de 2-CMC 250 mg<\/a><\/p>\n<h4><strong>Por que comprar este produto?<\/strong><\/h4>\n<p class=\"ds-markdown-paragraph\">\u2705\u00a0<strong>Qualidade confi\u00e1vel<\/strong>\u00a0\u2013 Teste de pureza completo<br \/>\n\u2705\u00a0<strong>Entrega discreta e r\u00e1pida<\/strong>\u00a0\u2013 Dentro da UE (rastreamento e localiza\u00e7\u00e3o opcional)<br \/>\n\u2705\u00a0<strong>Embalagem Profissional<\/strong>\u00a0\u2013 Prote\u00e7\u00e3o cuidadosa contra luz\/humidade<\/p>\n<p class=\"ds-markdown-paragraph\"><strong>OBS:<\/strong>\u00a0Este produto \u00e9\u00a0<strong>apenas para pesquisa cient\u00edfica<\/strong>. Por favor, leve em considera\u00e7\u00e3o o\u00a0<strong>legisla\u00e7\u00e3o local<\/strong>\u00a0antes de fazer o pedido.<\/p>","protected":false},"excerpt":{"rendered":"<p>RC+ D-MEX 40mg Blister<\/p>\n<p>N\u00famero CAS: 681440-83-5<br \/>\nF\u00f3rmula: 5-desidro-1,3-quinodimetano<br \/>\nMassa molar: 103,14 g\/mol<br \/>\nPureza: &gt;97%<\/p>","protected":false},"featured_media":29458,"comment_status":"closed","ping_status":"closed","template":"","meta":[],"product_brand":[82],"product_cat":[555],"product_tag":[295,828,300,297,296,326,299],"class_list":{"0":"post-24336","1":"product","2":"type-product","3":"status-publish","4":"has-post-thumbnail","6":"product_brand-research-chemical","7":"product_cat-b2b","8":"product_tag-dmxe","9":"product_tag-dmxe-dosage","10":"product_tag-dmxe-duration","11":"product_tag-dmxe-ervaring","12":"product_tag-dmxe-psychonaut","13":"product_tag-nl","14":"product_tag-what-is-dmxe","16":"first","17":"instock","18":"taxable","19":"shipping-taxable","20":"purchasable","21":"product-type-variable"},"_links":{"self":[{"href":"https:\/\/apexresearchchemical.eu\/pt\/wp-json\/wp\/v2\/product\/24336","targetHints":{"allow":["GET"]}}],"collection":[{"href":"https:\/\/apexresearchchemical.eu\/pt\/wp-json\/wp\/v2\/product"}],"about":[{"href":"https:\/\/apexresearchchemical.eu\/pt\/wp-json\/wp\/v2\/types\/product"}],"replies":[{"embeddable":true,"href":"https:\/\/apexresearchchemical.eu\/pt\/wp-json\/wp\/v2\/comments?post=24336"}],"version-history":[{"count":3,"href":"https:\/\/apexresearchchemical.eu\/pt\/wp-json\/wp\/v2\/product\/24336\/revisions"}],"predecessor-version":[{"id":25990,"href":"https:\/\/apexresearchchemical.eu\/pt\/wp-json\/wp\/v2\/product\/24336\/revisions\/25990"}],"wp:featuredmedia":[{"embeddable":true,"href":"https:\/\/apexresearchchemical.eu\/pt\/wp-json\/wp\/v2\/media\/29458"}],"wp:attachment":[{"href":"https:\/\/apexresearchchemical.eu\/pt\/wp-json\/wp\/v2\/media?parent=24336"}],"wp:term":[{"taxonomy":"product_brand","embeddable":true,"href":"https:\/\/apexresearchchemical.eu\/pt\/wp-json\/wp\/v2\/product_brand?post=24336"},{"taxonomy":"product_cat","embeddable":true,"href":"https:\/\/apexresearchchemical.eu\/pt\/wp-json\/wp\/v2\/product_cat?post=24336"},{"taxonomy":"product_tag","embeddable":true,"href":"https:\/\/apexresearchchemical.eu\/pt\/wp-json\/wp\/v2\/product_tag?post=24336"}],"curies":[{"name":"wp","href":"https:\/\/api.w.org\/{rel}","templated":true}]}}