{"id":24961,"date":"2025-04-13T17:43:53","date_gmt":"2025-04-13T17:43:53","guid":{"rendered":"https:\/\/apexresearchchemical.eu\/?post_type=product&#038;p=24961"},"modified":"2026-03-20T06:47:00","modified_gmt":"2026-03-20T06:47:00","slug":"pellets-de-dsmt-50mg","status":"publish","type":"product","link":"https:\/\/apexresearchchemical.eu\/pt\/comprar\/o-dsmt\/pellets-de-dsmt-50mg\/","title":{"rendered":"Pellets de O-DSMT 50 mg"},"content":{"rendered":"<p class=\"ds-markdown-paragraph\"><strong>Pellets de O-DSMT 50mg \u2013 Suas perguntas respondidas<\/strong><\/p>\n<h3><strong>1. O que \u00e9 O-DSMT?<\/strong><\/h3>\n<p class=\"ds-markdown-paragraph\">O-DSMT (Desmetramadol) \u00e9 um produto qu\u00edmico de pesquisa e um dos principais metab\u00f3litos do Tramadol. \u00c9 conhecido por suas potenciais propriedades analg\u00e9sicas e \u00e9 utilizado em estudos cient\u00edficos.<\/p>\n<h3><strong>2. Por que escolher O-DSMT 50mg Pellets?<\/strong><\/h3>\n<p class=\"ds-markdown-paragraph\">Nossos pellets oferecem:<br \/>\n\u2705\u00a0<strong>Dosagem de precis\u00e3o<\/strong>\u00a0\u2013 Cada pellet cont\u00e9m exatamente 50 mg para resultados confi\u00e1veis.<br \/>\n\u2705\u00a0<strong>Qualidade consistente<\/strong>\u00a0\u2013 Purifica\u00e7\u00e3o de alta qualidade para resultados de pesquisa ideais.<br \/>\n\u2705\u00a0<strong>F\u00e1cil processamento<\/strong>\u00a0\u2013 A forma de pellet simplifica a dosagem em ambientes laboratoriais.<\/p>\n<h3><strong>3. Este produto \u00e9 seguro para uso humano?<\/strong><\/h3>\n<p class=\"ds-markdown-paragraph\"><em>N\u00e3o.<\/em>\u00a0Os pellets de O-DSMT 50 mg s\u00e3o\u00a0<strong>destinado apenas para fins de pesquisa<\/strong>\u00a0e n\u00e3o para consumo. \u00c9 importante seguir protocolos de seguran\u00e7a ao us\u00e1-lo cientificamente.<\/p>\n<h3><strong>4. Como devo armazenar os pellets O-DSMT?<\/strong><\/h3>\n<p class=\"ds-markdown-paragraph\">Armazene os pellets em um\u00a0<strong>lugar fresco e seco<\/strong>, fora do alcance de crian\u00e7as e pessoas n\u00e3o autorizadas. Recomenda-se manter em recipiente escuro e herm\u00e9tico.<\/p>\n<h3><strong>5. Para quais aplica\u00e7\u00f5es esses pellets s\u00e3o adequados?<\/strong><\/h3>\n<p class=\"ds-markdown-paragraph\">Eles s\u00e3o usados em:<br \/>\n\ud83d\udd2c\u00a0<strong>Pesquisa farmacol\u00f3gica<\/strong><br \/>\n\ud83e\uddea\u00a0<strong>Estudos anal\u00edticos<\/strong><br \/>\n\ud83d\udcca\u00a0<strong>Experimentos cient\u00edficos<\/strong><\/p>\n<h3><strong>6. Onde posso comprar O-DSMT 50mg Pellets?<\/strong><\/h3>\n<p class=\"ds-markdown-paragraph\">Pe\u00e7a agora atrav\u00e9s da nossa loja online para\u00a0<strong>entrega r\u00e1pida e embalagem discreta<\/strong>. Dispon\u00edvel apenas para pesquisadores e laborat\u00f3rios registrados.<\/p>\n<p><a href=\"https:\/\/apexresearchchemical.eu\/pt\/comprar\/iboga-ibogaina\/comprar-cloridrato-de-ibogaina-online\/\">Comprar Iboga\u00edna HCL<\/a><a href=\"https:\/\/apexresearchchemical.eu\/pt\/comprar\/iboga-ibogaina\/casca-da-raiz-de-iboga\/\">Casca de raiz de iboga<\/a><a href=\"https:\/\/apexresearchchemical.eu\/pt\/comprar\/lisergamidas\/1cp-lsd-150-mcg-mata-borroes-artisticos\/\">1cP-LSD 150 MCG Art Blotters<\/a><a href=\"https:\/\/apexresearchchemical.eu\/pt\/comprar\/lisergamidas\/1v-lsd-150-mcg-blotters\/\">1V-LSD 150 MCG Blotters<\/a><a href=\"https:\/\/apexresearchchemical.eu\/pt\/comprar\/pelotas-de-2-cmc\/%f0%9f%92%a1-po-cristalino-de-2-mmc-para-todas-as-perguntas-e-respostas-sobre-compra\/%f0%9f%92%a1-po-cristalino-de-2-mmc-para-todas-as-perguntas-e-respostas-sobre-compra\/\">Pellets de 2-CMC 250 mg<\/a><\/p>","protected":false},"excerpt":{"rendered":"<h3>Propriedades O-DSMT<\/h3>\n<p><strong>Sin\u00f4nimo:<\/strong> <i>O-Desmetiltramadol, 3-(2-((dimetilamino)metil)-1-hidroxiciclohexil)fenol<\/i><br \/>\n<strong>N\u00famero CAS:<\/strong> 80456-81-1<br \/>\n<strong>F\u00f3rmula:<\/strong> <span title=\"Carbono\">C<\/span><sub>15<\/sub><span title=\"Hidrog\u00eanio\">H<\/span><sub>23<\/sub><span title=\"Azoto\">N<\/span><span title=\"Oxig\u00eanio\">O<\/span><sub>2<\/sub><br \/>\n<strong>Massa molar:<\/strong> 249,354 g\/mol<br \/>\n<strong>Pureza:<\/strong>\u00a0&gt;97%<\/p>","protected":false},"featured_media":29435,"comment_status":"closed","ping_status":"closed","template":"","meta":[],"product_brand":[82],"product_cat":[337,420,336,324],"product_tag":[326,727,725,728,726,729,730],"class_list":{"0":"post-24961","1":"product","2":"type-product","3":"status-publish","4":"has-post-thumbnail","6":"product_brand-research-chemical","7":"product_cat-o-dsmt","8":"product_cat-o-dsmt-pellets","9":"product_cat-overig","10":"product_cat-pellets-for-pellet","11":"product_tag-nl","12":"product_tag-o-dsmt-ervaringen","13":"product_tag-o-dsmt","14":"product_tag-o-dsmt-bestellen","15":"product_tag-o-dsmt-kopen","16":"product_tag-o-dsmt-psychonaut","17":"product_tag-what-is-o-dsmt","19":"first","20":"instock","21":"taxable","22":"shipping-taxable","23":"purchasable","24":"product-type-variable"},"_links":{"self":[{"href":"https:\/\/apexresearchchemical.eu\/pt\/wp-json\/wp\/v2\/product\/24961","targetHints":{"allow":["GET"]}}],"collection":[{"href":"https:\/\/apexresearchchemical.eu\/pt\/wp-json\/wp\/v2\/product"}],"about":[{"href":"https:\/\/apexresearchchemical.eu\/pt\/wp-json\/wp\/v2\/types\/product"}],"replies":[{"embeddable":true,"href":"https:\/\/apexresearchchemical.eu\/pt\/wp-json\/wp\/v2\/comments?post=24961"}],"version-history":[{"count":6,"href":"https:\/\/apexresearchchemical.eu\/pt\/wp-json\/wp\/v2\/product\/24961\/revisions"}],"predecessor-version":[{"id":25567,"href":"https:\/\/apexresearchchemical.eu\/pt\/wp-json\/wp\/v2\/product\/24961\/revisions\/25567"}],"wp:featuredmedia":[{"embeddable":true,"href":"https:\/\/apexresearchchemical.eu\/pt\/wp-json\/wp\/v2\/media\/29435"}],"wp:attachment":[{"href":"https:\/\/apexresearchchemical.eu\/pt\/wp-json\/wp\/v2\/media?parent=24961"}],"wp:term":[{"taxonomy":"product_brand","embeddable":true,"href":"https:\/\/apexresearchchemical.eu\/pt\/wp-json\/wp\/v2\/product_brand?post=24961"},{"taxonomy":"product_cat","embeddable":true,"href":"https:\/\/apexresearchchemical.eu\/pt\/wp-json\/wp\/v2\/product_cat?post=24961"},{"taxonomy":"product_tag","embeddable":true,"href":"https:\/\/apexresearchchemical.eu\/pt\/wp-json\/wp\/v2\/product_tag?post=24961"}],"curies":[{"name":"wp","href":"https:\/\/api.w.org\/{rel}","templated":true}]}}