{"id":24151,"date":"2025-04-13T17:41:09","date_gmt":"2025-04-13T17:41:09","guid":{"rendered":"https:\/\/apexresearchchemical.eu\/?post_type=product&#038;p=24151"},"modified":"2026-03-20T10:37:04","modified_gmt":"2026-03-20T10:37:04","slug":"modra-mandala","status":"publish","type":"product","link":"https:\/\/apexresearchchemical.eu\/sk\/obchod\/b2b\/modra-mandala\/","title":{"rendered":"Modr\u00e1 mandala"},"content":{"rendered":"<h2><strong>Modr\u00e1 mandala 2-FMA + 4-FMA + 2-FA 5ML<\/strong><\/h2>\n<p>k\u00fapi\u0165 4 fma, 4 fma, 4-fma,<\/p>\n<ul>\n<li><strong>Maloobchodn\u00e9 balenie<br \/>\n<\/strong><\/li>\n<li><strong>Mno\u017estvo ml na tubu: 5<\/strong><\/li>\n<li><strong>Ceny s\u00fa bez DPH 21%<\/strong><\/li>\n<li><strong>Odpor\u00fa\u010dan\u00e1 maloobchodn\u00e1 cena: 11,95 \u20ac vr. DPH<\/strong><\/li>\n<\/ul>\n<p><a href=\"https:\/\/apexresearchchemical.eu\/sk\/obchod\/lysergamidy\/1-cp-lsd-150-mcg-peliet\/\">Umeleck\u00e9 pijavice 1cP-LSD 150 MCG<\/a><a href=\"https:\/\/apexresearchchemical.eu\/sk\/obchod\/pelety\/o-dsmt-50-mg-pelety\/\">O-DSMT 50 mg pelety<\/a><a href=\"https:\/\/apexresearchchemical.eu\/sk\/obchod\/lysergamidy\/1v-lsd-150-mcg-blotters\/\">1V-LSD 150 MCG pijavice<\/a><a href=\"https:\/\/apexresearchchemical.eu\/sk\/obchod\/katinony\/%f0%9f%92%a1-2-mmc-krystalicky-prasok-pre-vsetky-otazky-a-odpovede-na-nakup\/\">2-CMC 250 mg pelety<\/a><a href=\"https:\/\/apexresearchchemical.eu\/sk\/obchod\/fenetylamin\/2c-ef-2mg-kapsuly\/\">2C-EF 2 mg kapsuly<\/a><\/p>","protected":false},"excerpt":{"rendered":"<p>Modr\u00e1 mandala 2-FMA + 4-FMA + 2-FA 5ML K\u00fapi\u0165 4 fma, 4 fma, 4-fma, Maloobchodn\u00e9 balenie Mno\u017estvo ml na tubu: 5<\/p>","protected":false},"featured_media":29331,"comment_status":"closed","ping_status":"closed","template":"","meta":[],"product_brand":[],"product_cat":[555],"product_tag":[629,644,326],"class_list":{"0":"post-24151","1":"product","2":"type-product","3":"status-publish","4":"has-post-thumbnail","6":"product_cat-b2b","7":"product_tag-4-fma-kopen","8":"product_tag-4-fma","9":"product_tag-nl","11":"first","12":"instock","13":"taxable","14":"shipping-taxable","15":"purchasable","16":"product-type-variable"},"_links":{"self":[{"href":"https:\/\/apexresearchchemical.eu\/sk\/wp-json\/wp\/v2\/product\/24151","targetHints":{"allow":["GET"]}}],"collection":[{"href":"https:\/\/apexresearchchemical.eu\/sk\/wp-json\/wp\/v2\/product"}],"about":[{"href":"https:\/\/apexresearchchemical.eu\/sk\/wp-json\/wp\/v2\/types\/product"}],"replies":[{"embeddable":true,"href":"https:\/\/apexresearchchemical.eu\/sk\/wp-json\/wp\/v2\/comments?post=24151"}],"version-history":[{"count":3,"href":"https:\/\/apexresearchchemical.eu\/sk\/wp-json\/wp\/v2\/product\/24151\/revisions"}],"predecessor-version":[{"id":25921,"href":"https:\/\/apexresearchchemical.eu\/sk\/wp-json\/wp\/v2\/product\/24151\/revisions\/25921"}],"wp:featuredmedia":[{"embeddable":true,"href":"https:\/\/apexresearchchemical.eu\/sk\/wp-json\/wp\/v2\/media\/29331"}],"wp:attachment":[{"href":"https:\/\/apexresearchchemical.eu\/sk\/wp-json\/wp\/v2\/media?parent=24151"}],"wp:term":[{"taxonomy":"product_brand","embeddable":true,"href":"https:\/\/apexresearchchemical.eu\/sk\/wp-json\/wp\/v2\/product_brand?post=24151"},{"taxonomy":"product_cat","embeddable":true,"href":"https:\/\/apexresearchchemical.eu\/sk\/wp-json\/wp\/v2\/product_cat?post=24151"},{"taxonomy":"product_tag","embeddable":true,"href":"https:\/\/apexresearchchemical.eu\/sk\/wp-json\/wp\/v2\/product_tag?post=24151"}],"curies":[{"name":"pracovn\u00fd list","href":"https:\/\/api.w.org\/{rel}","templated":true}]}}