{"id":24194,"date":"2025-04-13T17:41:13","date_gmt":"2025-04-13T17:41:13","guid":{"rendered":"https:\/\/apexresearchchemical.eu\/?post_type=product&#038;p=24194"},"modified":"2026-03-20T10:36:04","modified_gmt":"2026-03-20T10:36:04","slug":"rc-fluor-2-fma-30-mg-skatulka","status":"publish","type":"product","link":"https:\/\/apexresearchchemical.eu\/sk\/obchod\/b2b\/rc-fluor-2-fma-30-mg-skatulka\/","title":{"rendered":"Krabi\u010dka RC+ Fluor 2-FMA 30 mg"},"content":{"rendered":"<h2><strong>2-FMA<\/strong><\/h2>\n<p><strong>2-FMA<\/strong>\u00a0je l\u00e1tka, ktor\u00fa pred\u00e1vame len na v\u00fdskumn\u00e9 \u00fa\u010dely, a preto nie je ur\u010den\u00e1 na konzum\u00e1ciu. 2-FMA sa dod\u00e1va vo forme pr\u00e1\u0161ku a pri skladovan\u00ed v spr\u00e1vnom prostred\u00ed m\u00f4\u017ee by\u0165 sk\u00faman\u00fd a\u017e 2 roky.<a title=\"1V-LSD 150 MCG pijavice\" href=\"https:\/\/apexresearchchemical.eu\/sk\/obchod\/lysergamidy\/1v-lsd-150-mcg-blotters\/\" target=\"_blank\" rel=\"noopener\">1V-LSD 150 MCG pijavice<\/a><\/p>\n<p>Preto\u017ee 2-FMA sl\u00fa\u017ei len na v\u00fdskumn\u00e9 \u00fa\u010dely a nie na konzum\u00e1ciu, je d\u00f4le\u017eit\u00e9, aby sa 2-FMA uchov\u00e1val mimo dosahu det\u00ed a dom\u00e1cich zvierat.<a title=\"6-CL-ADBA\" href=\"https:\/\/apexresearchchemical.eu\/sk\/obchod\/takmer-zakazane\/6-cl-adba\/\" target=\"_blank\" rel=\"noopener\">6-CL-ADBA<\/a><\/p>\n<p>Pon\u00fakame kvalitn\u00e9 v\u00fdskumn\u00e9 chemik\u00e1lie za primeran\u00fa cenu. Va\u0161a objedn\u00e1vka bude odoslan\u00e1 do 24 hod\u00edn ka\u017ed\u00fd de\u0148. Objednajte si preto 2FMA bezpe\u010dne a r\u00fdchlo cez!<a title=\"2-CMC 250 mg pelety\" href=\"https:\/\/apexresearchchemical.eu\/sk\/obchod\/katinony\/%f0%9f%92%a1-2-mmc-krystalicky-prasok-pre-vsetky-otazky-a-odpovede-na-nakup\/\" target=\"_blank\" rel=\"noopener\">2-CMC 250 mg pelety<\/a><\/p>\n<h2>2-FMA vlastnosti<\/h2>\n<p><strong>Synonymum<\/strong>: Fluorometamfetam\u00edn<br \/>\n<strong>\u010c\u00edslo CAS<\/strong>: 1780004-19-4<br \/>\n<strong>Vzorec<\/strong>: C10H14FN \u2022 HCL<br \/>\n<strong>Mol\u00e1rna hmotnos\u0165<\/strong>: 203,7 g\/mol<br \/>\n<strong>\u010cistota<\/strong>: \u226599%<\/p>\n<h2>V\u00fdstra\u017en\u00e9 upozornenia<\/h2>\n<p>2-FMA m\u00f4\u017ee sp\u00f4sobi\u0165 podr\u00e1\u017edenie d\u00fdchac\u00edch ciest<br \/>\n2-FMA m\u00f4\u017ee sp\u00f4sobi\u0165 podr\u00e1\u017edenie <a href=\"http:\/\/google.nl\" target=\"_blank\" rel=\"noopener\">na<\/a> o\u010di sp\u00f4sobuj\u00fa<br \/>\nVyp\u00fa\u0161\u0165anie v\u00fdskumn\u00fdch chemik\u00e1li\u00ed do \u017eivotn\u00e9ho prostredia je zak\u00e1zan\u00e9<\/p>\n<p>2-FMA PRI KONTAKTE S O\u010cAMI: O\u010di opatrne vyplachujte vodou po dobu piatich min\u00fat. Ak je to mo\u017en\u00e9, odstr\u00e1\u0148te kontaktn\u00e9 \u0161o\u0161ovky.<\/p>\n<p>2-FMA PRI KONTAKTE S POKO\u017dKOU: Poko\u017eku umyte mydlom a vodou.<\/p>\n<p>PO VD\u00ddCHNUT\u00cd 2-FMA: Presu\u0148te postihnut\u00e9ho na \u010derstv\u00fd vzduch a nechajte ho v polohe, ktor\u00e1 mu umo\u017en\u00ed pohodln\u00e9 d\u00fdchanie.<\/p>","protected":false},"excerpt":{"rendered":"<p><strong>Synonymum<\/strong>: Fluorometamfetam\u00edn<br \/>\n<strong>\u010c\u00edslo CAS<\/strong>: 1780004-19-4<br \/>\n<strong>Vzorec<\/strong>: C10H14FN \u2022 HCL<br \/>\n<strong>Mol\u00e1rna hmotnos\u0165<\/strong>: 203,7 g\/mol<br \/>\n<strong>\u010cistota<\/strong>: \u226599%<\/p>","protected":false},"featured_media":29460,"comment_status":"closed","ping_status":"closed","template":"","meta":[],"product_brand":[82],"product_cat":[555],"product_tag":[572,617,618,589,619,326],"class_list":{"0":"post-24194","1":"product","2":"type-product","3":"status-publish","4":"has-post-thumbnail","6":"product_brand-research-chemical","7":"product_cat-b2b","8":"product_tag-2-fma-kopen","9":"product_tag-2-fma","10":"product_tag-2fma","11":"product_tag-2fma-drugs","12":"product_tag-2fma-kopen","13":"product_tag-nl","15":"first","16":"instock","17":"taxable","18":"shipping-taxable","19":"purchasable","20":"product-type-variable"},"_links":{"self":[{"href":"https:\/\/apexresearchchemical.eu\/sk\/wp-json\/wp\/v2\/product\/24194","targetHints":{"allow":["GET"]}}],"collection":[{"href":"https:\/\/apexresearchchemical.eu\/sk\/wp-json\/wp\/v2\/product"}],"about":[{"href":"https:\/\/apexresearchchemical.eu\/sk\/wp-json\/wp\/v2\/types\/product"}],"replies":[{"embeddable":true,"href":"https:\/\/apexresearchchemical.eu\/sk\/wp-json\/wp\/v2\/comments?post=24194"}],"version-history":[{"count":4,"href":"https:\/\/apexresearchchemical.eu\/sk\/wp-json\/wp\/v2\/product\/24194\/revisions"}],"predecessor-version":[{"id":25400,"href":"https:\/\/apexresearchchemical.eu\/sk\/wp-json\/wp\/v2\/product\/24194\/revisions\/25400"}],"wp:featuredmedia":[{"embeddable":true,"href":"https:\/\/apexresearchchemical.eu\/sk\/wp-json\/wp\/v2\/media\/29460"}],"wp:attachment":[{"href":"https:\/\/apexresearchchemical.eu\/sk\/wp-json\/wp\/v2\/media?parent=24194"}],"wp:term":[{"taxonomy":"product_brand","embeddable":true,"href":"https:\/\/apexresearchchemical.eu\/sk\/wp-json\/wp\/v2\/product_brand?post=24194"},{"taxonomy":"product_cat","embeddable":true,"href":"https:\/\/apexresearchchemical.eu\/sk\/wp-json\/wp\/v2\/product_cat?post=24194"},{"taxonomy":"product_tag","embeddable":true,"href":"https:\/\/apexresearchchemical.eu\/sk\/wp-json\/wp\/v2\/product_tag?post=24194"}],"curies":[{"name":"pracovn\u00fd list","href":"https:\/\/api.w.org\/{rel}","templated":true}]}}