{"id":24334,"date":"2025-04-13T17:41:30","date_gmt":"2025-04-13T17:41:30","guid":{"rendered":"https:\/\/apexresearchchemical.eu\/?post_type=product&#038;p=24334"},"modified":"2026-03-20T09:19:45","modified_gmt":"2026-03-20T09:19:45","slug":"rc-benzo-fury-100-mg-blister","status":"publish","type":"product","link":"https:\/\/apexresearchchemical.eu\/sk\/obchod\/b2b\/rc-benzo-fury-100-mg-blister\/","title":{"rendered":"Blister RC+ Benzo Fury 100 mg"},"content":{"rendered":"<h3><strong>Benzo Fury 100 mg blister \u2013 v\u00fdkonn\u00e1 v\u00fdskumn\u00e1 ch\u00e9mia<\/strong><\/h3>\n<p class=\"ds-markdown-paragraph\"><strong>N\u00e1zov produktu:<\/strong>\u00a0RC Benzo Fury (6-APB \/ 5-APB) \u2013 100 mg na tabletu \u2013 blistrov\u00e9 balenie<br \/>\n<strong>Hlavn\u00e1 kateg\u00f3ria:<\/strong>\u00a0V\u00fdskum chemik\u00e1li\u00ed<br \/>\n<strong>Typ:<\/strong>\u00a0Stimula\u010dn\u00fd entaktog\u00e9n (o\u010dak\u00e1van\u00fd \u00fa\u010dinok: euf\u00f3ria, energia, soci\u00e1lne prepojenie)<\/p>\n<h4><strong>Vlastnosti produktu:<\/strong><\/h4>\n<p class=\"ds-markdown-paragraph\">\u2705\u00a0<strong>Vysok\u00e1 kvalita<\/strong>\u00a0\u2013 \u010cisto a d\u00f4sledne formulovan\u00e9<br \/>\n\u2705\u00a0<strong>100 mg na tabletu<\/strong>\u00a0\u2013 Presn\u00e9 d\u00e1vkovanie pre v\u00fdskum<br \/>\n\u2705\u00a0<strong>Blistrov\u00e9 balenie<\/strong>\u00a0- Chr\u00e1ni pred vlhkos\u0165ou <a href=\"http:\/\/google.nl\" target=\"_blank\" rel=\"noopener\">a<\/a> po\u0161kodenie<br \/>\n\u2705\u00a0<strong>Rozsiahle laborat\u00f3rne testovanie<\/strong>\u00a0- Optimaliz\u00e1cia \u010distoty<\/p>\n<h4><strong>\u010co je Benzo Fury (6-APB \/ 5-APB)?<\/strong><\/h4>\n<p class=\"ds-markdown-paragraph\">Benzo Fury je v\u00fdskumn\u00e1 chemik\u00e1lia zn\u00e1ma svojimi stimula\u010dn\u00fdmi a empatog\u00e9nnymi \u00fa\u010dinkami, podobne ako zl\u00fa\u010deniny ako MDMA. Pred\u00e1va sa v\u00fdhradne za\u00a0<strong>vedeck\u00fd v\u00fdskum<\/strong>\u00a0a je\u00a0<strong>nie je ur\u010den\u00fd na \u013eudsk\u00fa spotrebu<\/strong>.<a title=\"2C-EF 2 mg kapsuly\" href=\"https:\/\/apexresearchchemical.eu\/sk\/obchod\/fenetylamin\/2c-ef-2mg-kapsuly\/\" target=\"_blank\" rel=\"noopener\">2C-EF 2 mg kapsuly<\/a><\/p>\n<h4><strong>D\u00f4le\u017eit\u00e9 inform\u00e1cie:<\/strong><\/h4>\n<p class=\"ds-markdown-paragraph\">\u26a0\u00a0<strong>Len na v\u00fdskumn\u00e9 \u00fa\u010dely<\/strong>\u00a0- Nevhodn\u00e9 pre \u013eud\u00ed alebo zvierat\u00e1<br \/>\n\u26a0\u00a0<strong>Skontrolujte legislat\u00edvu<\/strong>\u00a0\u2013 Stav sa l\u00ed\u0161i pod\u013ea krajiny (v Holandsku pod\u00a0<strong>\u00f3piov\u00fd z\u00e1kon<\/strong>)<br \/>\n\u26a0\u00a0<strong>Bezpe\u010dnostn\u00e9 opatrenia:<\/strong> V\u017edy pou\u017e\u00edvajte osobn\u00e9 ochrann\u00e9 prostriedky (rukavice, laborat\u00f3rne prostredie).<a title=\"2-CMC 250 mg pelety\" href=\"https:\/\/apexresearchchemical.eu\/sk\/obchod\/katinony\/%f0%9f%92%a1-2-mmc-krystalicky-prasok-pre-vsetky-otazky-a-odpovede-na-nakup\/\" target=\"_blank\" rel=\"noopener\">2-CMC 250 mg pelety<\/a><\/p>\n<h4><strong>Pre\u010do si vybra\u0165 tento produkt?<\/strong><\/h4>\n<p class=\"ds-markdown-paragraph\">\u2714\u00a0<strong>Spo\u013eahliv\u00e1 kvalita<\/strong>\u00a0\u2013 D\u00f4kladne testovan\u00e9 na \u010distotu<br \/>\n\u2714\u00a0<strong>Diskr\u00e9tna doprava<\/strong>\u00a0\u2013 Anonymn\u00e9 balenie v r\u00e1mci E\u00da<br \/>\n\u2714\u00a0<strong>R\u00fdchle dodanie<\/strong>\u00a0- Objedn\u00e1vka do 15:00, odoslan\u00e1 nasleduj\u00faci pracovn\u00fd de\u0148<\/p>\n<p class=\"ds-markdown-paragraph\"><strong>Pozn\u00e1mka:<\/strong>\u00a0Tento produkt je\u00a0<strong>ur\u010den\u00e9 len na vedeck\u00fd v\u00fdskum<\/strong>\u00a0a nie na rekrea\u010dn\u00e9 \u00fa\u010dely. Pred objednan\u00edm si pre\u010d\u00edtajte miestne z\u00e1kony.<a title=\"1V-LSD 150 MCG pijavice\" href=\"https:\/\/apexresearchchemical.eu\/sk\/obchod\/lysergamidy\/1v-lsd-150-mcg-blotters\/\" target=\"_blank\" rel=\"noopener\">1V-LSD 150 MCG pijavice<\/a><\/p>","protected":false},"excerpt":{"rendered":"<p><strong>Synonymum<\/strong>6-(2-aminopropyl)benzofur\u00e1n<br \/>\n<strong>\u010c\u00edslo CAS:<\/strong> 286834-85-3<br \/>\n<strong>Vzorec<\/strong>: <span title=\"Uhl\u00edk\">C<\/span><sub>11<\/sub><span title=\"Vod\u00edk\">H<\/span><sub>13<\/sub><span title=\"Dus\u00edk\">N<\/span><span title=\"Kysl\u00edk\">O<\/span><br \/>\n<strong>Mol\u00e1rna hmotnos\u0165<\/strong>: <span class=\"nowrap\">175.231<\/span>\u00a0g\/mol<br \/>\n<strong>\u010cistota<\/strong>: &gt;98%<\/p>","protected":false},"featured_media":29452,"comment_status":"closed","ping_status":"closed","template":"","meta":[],"product_brand":[82],"product_cat":[555],"product_tag":[117,126,130,850,118,120,119,121,851,326,122],"class_list":{"0":"post-24334","1":"product","2":"type-product","3":"status-publish","4":"has-post-thumbnail","6":"product_brand-research-chemical","7":"product_cat-b2b","8":"product_tag-6-apb-benzo-fury","9":"product_tag-6-apb-kopen","10":"product_tag-6-apb-ervaring","11":"product_tag-6apb","12":"product_tag-benzo-fury","13":"product_tag-benzo-fury-bestellen-nederland","14":"product_tag-benzo-fury-drugs","15":"product_tag-benzo-fury-kopen","16":"product_tag-benzos-drugs","17":"product_tag-nl","18":"product_tag-wat-is-benzo-fury","20":"first","21":"instock","22":"taxable","23":"shipping-taxable","24":"purchasable","25":"product-type-variable"},"_links":{"self":[{"href":"https:\/\/apexresearchchemical.eu\/sk\/wp-json\/wp\/v2\/product\/24334","targetHints":{"allow":["GET"]}}],"collection":[{"href":"https:\/\/apexresearchchemical.eu\/sk\/wp-json\/wp\/v2\/product"}],"about":[{"href":"https:\/\/apexresearchchemical.eu\/sk\/wp-json\/wp\/v2\/types\/product"}],"replies":[{"embeddable":true,"href":"https:\/\/apexresearchchemical.eu\/sk\/wp-json\/wp\/v2\/comments?post=24334"}],"version-history":[{"count":3,"href":"https:\/\/apexresearchchemical.eu\/sk\/wp-json\/wp\/v2\/product\/24334\/revisions"}],"predecessor-version":[{"id":25988,"href":"https:\/\/apexresearchchemical.eu\/sk\/wp-json\/wp\/v2\/product\/24334\/revisions\/25988"}],"wp:featuredmedia":[{"embeddable":true,"href":"https:\/\/apexresearchchemical.eu\/sk\/wp-json\/wp\/v2\/media\/29452"}],"wp:attachment":[{"href":"https:\/\/apexresearchchemical.eu\/sk\/wp-json\/wp\/v2\/media?parent=24334"}],"wp:term":[{"taxonomy":"product_brand","embeddable":true,"href":"https:\/\/apexresearchchemical.eu\/sk\/wp-json\/wp\/v2\/product_brand?post=24334"},{"taxonomy":"product_cat","embeddable":true,"href":"https:\/\/apexresearchchemical.eu\/sk\/wp-json\/wp\/v2\/product_cat?post=24334"},{"taxonomy":"product_tag","embeddable":true,"href":"https:\/\/apexresearchchemical.eu\/sk\/wp-json\/wp\/v2\/product_tag?post=24334"}],"curies":[{"name":"pracovn\u00fd list","href":"https:\/\/api.w.org\/{rel}","templated":true}]}}