{"id":24336,"date":"2025-04-13T17:41:30","date_gmt":"2025-04-13T17:41:30","guid":{"rendered":"https:\/\/apexresearchchemical.eu\/?post_type=product&#038;p=24336"},"modified":"2026-03-20T09:21:57","modified_gmt":"2026-03-20T09:21:57","slug":"skusenosti-s-dmxe","status":"publish","type":"product","link":"https:\/\/apexresearchchemical.eu\/sk\/obchod\/b2b\/skusenosti-s-dmxe\/","title":{"rendered":"Blister RC+ D-MEX 40 mg"},"content":{"rendered":"<h3><strong>Dmxe Experience 40 mg blister \u2013 V\u00fdskumn\u00e1 ch\u00e9mia pre vedeck\u00e9 \u0161t\u00fadium<\/strong><\/h3>\n<p class=\"ds-markdown-paragraph\"><strong>N\u00e1zov produktu:<\/strong>\u00a0RC D-MEX (s\u00favisiace s metoxetam\u00ednom \/ MXE) \u2013 40 mg na tabletu \u2013 blistrov\u00e9 balenie<br \/>\n<strong>Kateg\u00f3ria:<\/strong>\u00a0V\u00fdskumn\u00e9 chemik\u00e1lie (disocia\u010dn\u00e1 trieda)<br \/>\n<strong>Zam\u00fd\u0161\u013ean\u00e9 pou\u017eitie:<\/strong> Len pre *in vitro* v\u00fdskum a analytick\u00e9 \u0161t\u00fadie. <a title=\"Umeleck\u00e9 pijavice 1cP-LSD 150 MCG\" href=\"https:\/\/apexresearchchemical.eu\/sk\/obchod\/lysergamidy\/1-cp-lsd-150-mcg-peliet\/\" target=\"_blank\" rel=\"noopener\">Umeleck\u00e9 pijavice 1cP-LSD 150 MCG<\/a><\/p>\n<h4><strong>K\u013e\u00fa\u010dov\u00e9 vlastnosti: <\/strong><strong>Sk\u00fasenosti s Dmxe<\/strong><\/h4>\n<p class=\"ds-markdown-paragraph\">\ud83d\udd2c\u00a0<strong>Vysoko kvalitn\u00e9 zlo\u017eenie<\/strong>\u00a0- Optimalizovan\u00e9 pre presn\u00e9 v\u00fdsledky<br \/>\n\ud83d\udc8a\u00a0<strong>40 mg na tabletu<\/strong>\u00a0\u2013 \u0160tandardizovan\u00e9 d\u00e1vkovanie pre konzistentn\u00fd v\u00fdskum<br \/>\n\ud83d\udce6\u00a0<strong>Blistrov\u00e9 balenie<\/strong>\u00a0- Maxim\u00e1lna ochrana proti znehodnoteniu<br \/>\n\ud83d\udcca\u00a0<strong>Laborat\u00f3rne testovan\u00e9<\/strong>\u00a0\u2013 Kontrola kvality pre spo\u013eahliv\u00fa anal\u00fdzu<\/p>\n<h4><strong>\u010co je RC D-MEX?<\/strong><\/h4>\n<p class=\"ds-markdown-paragraph\">RC D-MEX je v\u00fdskumn\u00e1 chemik\u00e1lia s disocia\u010dn\u00fdmi vlastnos\u0165ami, s\u00favisiaca so zl\u00fa\u010deninami ako napr\u00a0<strong>Metoxetam\u00edn (MXE)<\/strong>.<a title=\"1V-LSD 150 MCG pijavice\" href=\"https:\/\/apexresearchchemical.eu\/sk\/obchod\/lysergamidy\/1v-lsd-150-mcg-blotters\/\" target=\"_blank\" rel=\"noopener\">1V-LSD 150 MCG pijavice<\/a><\/p>\n<ul>\n<li>\n<p class=\"ds-markdown-paragraph\"><strong>Prim\u00e1rna aplik\u00e1cia:<\/strong>\u00a0Vedeck\u00e1 \u0161t\u00fadia farmakologick\u00fdch interakci\u00ed<\/p>\n<\/li>\n<li>\n<p class=\"ds-markdown-paragraph\"><strong>Nie je ur\u010den\u00e9 pre:<\/strong>\u00a0\u013dudsk\u00e1\/zvieracia spotreba, rekrea\u010dn\u00e9 pou\u017eitie alebo lek\u00e1rske pou\u017eitie<\/p>\n<\/li>\n<\/ul>\n<h4><strong>Bezpe\u010dnostn\u00e9 a pr\u00e1vne inform\u00e1cie:<\/strong><\/h4>\n<p class=\"ds-markdown-paragraph\">\u26a0\u00a0<strong>Len na v\u00fdskumn\u00e9 \u00fa\u010dely<\/strong>\u00a0\u2013 Nie je ur\u010den\u00e9 na biotest (\u010dlovek\/zviera)<br \/>\n\u26a0\u00a0<strong>holandsk\u00fd status:<\/strong>\u00a0Pr\u00edpadne regulovan\u00e9 pod\u00a0<strong>\u00f3piov\u00fd z\u00e1kon<\/strong>\u00a0- pred n\u00e1kupom skontrolujte<br \/>\n\u26a0\u00a0<strong>Laborat\u00f3rna bezpe\u010dnos\u0165:<\/strong> Noste rukavice a pracujte v kontrolovanom prostred\u00ed.<a title=\"2-CMC 250 mg pelety\" href=\"https:\/\/apexresearchchemical.eu\/sk\/obchod\/katinony\/%f0%9f%92%a1-2-mmc-krystalicky-prasok-pre-vsetky-otazky-a-odpovede-na-nakup\/\" target=\"_blank\" rel=\"noopener\">2-CMC 250 mg pelety<\/a><\/p>\n<h4><strong>Pre\u010do k\u00fapi\u0165 tento produkt?<\/strong><\/h4>\n<p class=\"ds-markdown-paragraph\">\u2705\u00a0<strong>Spo\u013eahliv\u00e1 kvalita<\/strong>\u00a0\u2013 D\u00f4kladn\u00e9 testovanie \u010distoty<br \/>\n\u2705\u00a0<strong>Diskr\u00e9tne a r\u00fdchle doru\u010denie<\/strong>\u00a0\u2013 V r\u00e1mci E\u00da (mo\u017enos\u0165 sledovania a sledovania)<br \/>\n\u2705\u00a0<strong>Profesion\u00e1lne balenie<\/strong>\u00a0\u2013 Starostliv\u00e1 ochrana pred svetlom\/vlhkos\u0165ou<\/p>\n<p class=\"ds-markdown-paragraph\"><strong>Pozn\u00e1mka:<\/strong>\u00a0Tento produkt je\u00a0<strong>len na vedeck\u00fd v\u00fdskum<\/strong>. Vezmite pros\u00edm do \u00favahy\u00a0<strong>miestna legislat\u00edva<\/strong>\u00a0pred objednan\u00edm.<\/p>","protected":false},"excerpt":{"rendered":"<p>Blister RC+ D-MEX 40 mg<\/p>\n<p>\u010c\u00edslo CAS: 681440-83-5<br \/>\nVzorec: 5-dehydro-1,3-chinodimet\u00e1n<br \/>\nMolov\u00e1 hmotnos\u0165: 103,14 g\/mol<br \/>\n\u010cistota: &gt;97%<\/p>","protected":false},"featured_media":29458,"comment_status":"closed","ping_status":"closed","template":"","meta":[],"product_brand":[82],"product_cat":[555],"product_tag":[295,828,300,297,296,326,299],"class_list":{"0":"post-24336","1":"product","2":"type-product","3":"status-publish","4":"has-post-thumbnail","6":"product_brand-research-chemical","7":"product_cat-b2b","8":"product_tag-dmxe","9":"product_tag-dmxe-dosage","10":"product_tag-dmxe-duration","11":"product_tag-dmxe-ervaring","12":"product_tag-dmxe-psychonaut","13":"product_tag-nl","14":"product_tag-what-is-dmxe","16":"first","17":"instock","18":"taxable","19":"shipping-taxable","20":"purchasable","21":"product-type-variable"},"_links":{"self":[{"href":"https:\/\/apexresearchchemical.eu\/sk\/wp-json\/wp\/v2\/product\/24336","targetHints":{"allow":["GET"]}}],"collection":[{"href":"https:\/\/apexresearchchemical.eu\/sk\/wp-json\/wp\/v2\/product"}],"about":[{"href":"https:\/\/apexresearchchemical.eu\/sk\/wp-json\/wp\/v2\/types\/product"}],"replies":[{"embeddable":true,"href":"https:\/\/apexresearchchemical.eu\/sk\/wp-json\/wp\/v2\/comments?post=24336"}],"version-history":[{"count":3,"href":"https:\/\/apexresearchchemical.eu\/sk\/wp-json\/wp\/v2\/product\/24336\/revisions"}],"predecessor-version":[{"id":25990,"href":"https:\/\/apexresearchchemical.eu\/sk\/wp-json\/wp\/v2\/product\/24336\/revisions\/25990"}],"wp:featuredmedia":[{"embeddable":true,"href":"https:\/\/apexresearchchemical.eu\/sk\/wp-json\/wp\/v2\/media\/29458"}],"wp:attachment":[{"href":"https:\/\/apexresearchchemical.eu\/sk\/wp-json\/wp\/v2\/media?parent=24336"}],"wp:term":[{"taxonomy":"product_brand","embeddable":true,"href":"https:\/\/apexresearchchemical.eu\/sk\/wp-json\/wp\/v2\/product_brand?post=24336"},{"taxonomy":"product_cat","embeddable":true,"href":"https:\/\/apexresearchchemical.eu\/sk\/wp-json\/wp\/v2\/product_cat?post=24336"},{"taxonomy":"product_tag","embeddable":true,"href":"https:\/\/apexresearchchemical.eu\/sk\/wp-json\/wp\/v2\/product_tag?post=24336"}],"curies":[{"name":"pracovn\u00fd list","href":"https:\/\/api.w.org\/{rel}","templated":true}]}}