{"id":24439,"date":"2025-04-13T17:41:44","date_gmt":"2025-04-13T17:41:44","guid":{"rendered":"https:\/\/apexresearchchemical.eu\/?post_type=product&#038;p=24439"},"modified":"2026-03-20T08:48:23","modified_gmt":"2026-03-20T08:48:23","slug":"1ks-lsd-sacok-1-pijavica","status":"publish","type":"product","link":"https:\/\/apexresearchchemical.eu\/sk\/obchod\/b2b\/1ks-lsd-sacok-1-pijavica\/","title":{"rendered":"1P-LSD vrecko 1 pijavica"},"content":{"rendered":"<h2 class=\"ds-markdown-paragraph\"><strong>1P-LSD vrecko (1 pijav\u00fd roztok) \u2013 V\u00fdskum lysergamidu pre neuropsychol\u00f3giu<\/strong><\/h2>\n<h3><strong>Defin\u00edcia produktu<\/strong><\/h3>\n<p class=\"ds-markdown-paragraph\">1p k\u00fapi\u0165 LSD, Na\u0161e <strong>1P-LSD 1 pijav\u00fd s\u00e1\u010dok<\/strong>\u00a0obsahuje\u00a0<strong>presne d\u00e1vkovan\u00e1 v\u00fdskumn\u00e1 formul\u00e1cia<\/strong>\u00a0dietylamidu kyseliny 1-propionyl-lysergovej, polosyntetick\u00e9ho lysergamidu pre\u00a0<strong>kontrolovan\u00fd vedeck\u00fd v\u00fdskum<\/strong>.<\/p>\n<p class=\"ds-markdown-paragraph\">\u2714\u00a0<strong>1x vysoko kvalitn\u00fd pijav\u00fd papier<\/strong>\u00a0(150 mcg \u00b151 TP3T)<br \/>\n\u2714\u00a0<strong>Optimalizovan\u00e1 sublingv\u00e1lna absorpcia<\/strong><br \/>\n\u2714\u00a0<strong>Anal\u00fdza tretej strany<\/strong>\u00a0o \u010distote<br \/>\n\u2714\u00a0<strong>Balenie blokuj\u00face svetlo<\/strong><\/p>\n<hr \/>\n<h2><strong>S\u00fahrn laborat\u00f3rnej spr\u00e1vy (COA)<\/strong><\/h2>\n<p class=\"ds-markdown-paragraph\">*\u0160ar\u017ea #1PLSD-0627-NL | Testovan\u00e9 spolo\u010dnos\u0165ou PsycheMetrics Labs*<br \/>\n\u2714\u00a0<strong>151 mcg \u00b1 3 mcg na pijav\u00fd papier<\/strong>\u00a0(HPLC-MS\/MS)<br \/>\n\u2714\u00a0<strong>Chemick\u00e1 \u010distota 99.1%<\/strong><br \/>\n\u2714\u00a0<strong>0% LSD-25 detekovate\u013en\u00fd<\/strong>\u00a0(&lt;0,01%)<br \/>\n\u2714\u00a0<strong>Mikrobiologick\u00e1 bezpe\u010dnos\u0165<\/strong>v s\u00falade s USP &lt;61&gt;<\/p>\n<hr \/>\n<h2><strong>Oblasti pou\u017eitia<\/strong><\/h2>\n<h3><strong>1. Neuropsychologick\u00e9 vy\u0161etrenie<\/strong><\/h3>\n<ul>\n<li>\n<p class=\"ds-markdown-paragraph\">\u0160t\u00fadie agonizmu receptora 5-HT2A<\/p>\n<\/li>\n<li>\n<p class=\"ds-markdown-paragraph\">Modul\u00e1cia siete predvolen\u00e9ho re\u017eimu (DMN)<\/p>\n<\/li>\n<\/ul>\n<h3><strong>2. Psychiatrick\u00e9 vy\u0161etrenie<\/strong><\/h3>\n<ul>\n<li>\n<p class=\"ds-markdown-paragraph\">Modely psychedelickej terapie<\/p>\n<\/li>\n<li>\n<p class=\"ds-markdown-paragraph\">V\u00fdskum depresie<\/p>\n<\/li>\n<\/ul>\n<h3><strong>3. \u0160t\u00fadie vedomia<\/strong><\/h3>\n<ul>\n<li>\n<p class=\"ds-markdown-paragraph\">Anal\u00fdza mystick\u00e9ho z\u00e1\u017eitku<\/p>\n<\/li>\n<li>\n<p class=\"ds-markdown-paragraph\">Merania kreativity<\/p>\n<\/li>\n<\/ul>\n<hr \/>\n<h2><strong>Protokol pou\u017e\u00edvania<\/strong><\/h2>\n<h3><strong>\u0160tandardn\u00fd protokol<\/strong><\/h3>\n<ol start=\"1\">\n<li>\n<p class=\"ds-markdown-paragraph\"><strong>Sublingv\u00e1lne<\/strong>Vlo\u017ete si pijav\u00fd papierik pod jazyk (60 \u2013 90 sek\u00fand)<\/p>\n<\/li>\n<li>\n<p class=\"ds-markdown-paragraph\"><strong>Obdobie pozorovania<\/strong>8-12 hod\u00edn<\/p>\n<\/li>\n<li>\n<p class=\"ds-markdown-paragraph\"><strong>Rozsah d\u00e1vkovania<\/strong>:<\/p>\n<ul>\n<li>\n<p class=\"ds-markdown-paragraph\"><strong>Mikrod\u00e1vka<\/strong>: 1\/10 pijav\u00e9ho roztoku (15 mcg)<\/p>\n<\/li>\n<li>\n<p class=\"ds-markdown-paragraph\"><strong>V\u00fdskumn\u00e1 d\u00e1vka<\/strong>Cel\u00fd pijav\u00fd papier (150 mcg)<\/p>\n<\/li>\n<\/ul>\n<\/li>\n<\/ol>\n<h3><strong>Alternat\u00edvne met\u00f3dy<\/strong><\/h3>\n<ul>\n<li>\n<p class=\"ds-markdown-paragraph\"><strong>Or\u00e1lne<\/strong>Prehltnite a zapite vodou (pomal\u0161ie vstreb\u00e1vanie).<\/p>\n<\/li>\n<li>\n<p class=\"ds-markdown-paragraph\"><strong>Rozpusti\u0165<\/strong>Pre presn\u00e9 experimenty (150 mcg\/ml)<\/p>\n<\/li>\n<\/ul>\n<hr \/>\n<h2><strong>V\u00fdhody<\/strong><\/h2>\n<p class=\"ds-markdown-paragraph\">\u2713\u00a0<strong>Stabilnej\u0161\u00ed tvar<\/strong>\u00a0potom LSD-25<br \/>\n\u2713\u00a0<strong>Reprodukovate\u013en\u00e9 \u00fa\u010dinky<\/strong><br \/>\n\u2713\u00a0<strong>Menej \u00fazkostliv\u00fd<\/strong>\u00a0na zvierac\u00edch modeloch<br \/>\n\u2713\u00a0<strong>Kompatibiln\u00e9<\/strong>\u00a0s fMRI\/EEG \u0161t\u00fadiami<\/p>\n<h2><strong>Nev\u00fdhody<\/strong><\/h2>\n<p class=\"ds-markdown-paragraph\">\u26a0\u00a0<strong>Pr\u00e1vne postavenie<\/strong>: Dodatok I k z\u00e1konu o \u00f3piu (Holandsko)<br \/>\n\u26a0\u00a0<strong>Dlhotrvaj\u00face \u00fa\u010dinky<\/strong>\u00a0(a\u017e 12 hod\u00edn)<br \/>\n\u26a0\u00a0<strong>Z\u00e1vis\u00ed od sady\/nastavenia<\/strong><br \/>\n\u26a0\u00a0<strong>Nie je vhodn\u00e9 pre za\u010diato\u010dn\u00edkov vo v\u00fdskume<\/strong><\/p>\n<hr \/>\n<h2><strong>\u010casto kladen\u00e9 ot\u00e1zky (FAQ)<\/strong><\/h2>\n<h3><strong>Ot\u00e1zka: Ako sa 1P-LSD porovn\u00e1va s LSD-25?<\/strong><\/h3>\n<div class=\"markdown-table-wrapper\">\n<table>\n<thead>\n<tr>\n<th>Parameter<\/th>\n<th>1P-LSD<\/th>\n<th>LSD-25<\/th>\n<\/tr>\n<\/thead>\n<tbody>\n<tr>\n<td>Potenci\u00e1l<\/td>\n<td>90%<\/td>\n<td>100%<\/td>\n<\/tr>\n<tr>\n<td>Trvanie akcie<\/td>\n<td>10:00 \u2013 12:00<\/td>\n<td>8:00 \u2013 10:00<\/td>\n<\/tr>\n<tr>\n<td>Metabolizmus<\/td>\n<td>Preveden\u00e9 na LSD<\/td>\n<td>Priamo akt\u00edvny<\/td>\n<\/tr>\n<\/tbody>\n<\/table>\n<\/div>\n<h3><strong>Ot\u00e1zka: M\u00f4\u017eem si pijav\u00fd papier uskladni\u0165?<\/strong><\/h3>\n<p class=\"ds-markdown-paragraph\">A:\u00a0<strong>\u00c1no<\/strong>\u00a0\u2013 Vzduchotesn\u00e9 pri teplote -20 \u00b0C (trvanlivos\u0165 2 roky)<\/p>\n<h3><strong>Ot\u00e1zka: Je mo\u017en\u00e9 mikrod\u00e1vkovanie?<\/strong><\/h3>\n<p class=\"ds-markdown-paragraph\">A:\u00a0<strong>\u00c1no<\/strong>\u00a0\u2013 Pre presnos\u0165 pou\u017eite steriln\u00fd skalpel<\/p>\n<h3><strong>Ot\u00e1zka: A \u010do n\u00e1hodn\u00e1 expoz\u00edcia?<\/strong><\/h3>\n<p class=\"ds-markdown-paragraph\">A: Okam\u017eit\u00fd preplach + protokol s benzodiazep\u00ednom<\/p>\n<hr \/>\n<h2><strong>Bezpe\u010dnostn\u00e9 opatrenia<\/strong><\/h2>\n<p class=\"ds-markdown-paragraph\">\u2022\u00a0<strong>Kardiovaskul\u00e1rne monitorovanie<\/strong>\u00a0odpor\u00fa\u010dan\u00e9<br \/>\n\u2022\u00a0<strong>\u201eV\u00fdletn\u00edk\u201c<\/strong>\u00a0povinn\u00e9 v behavior\u00e1lnych \u0161t\u00fadi\u00e1ch<br \/>\n\u2022\u00a0<strong>Syst\u00e9m registr\u00e1cie d\u00e1vok<\/strong><\/p>\n<p class=\"ds-markdown-paragraph\"><em>Vyhl\u00e1senie: Len na kvalifikovan\u00fd vedeck\u00fd v\u00fdskum. Nie je ur\u010den\u00e9 na \u013eudsk\u00fa spotrebu.<\/em><\/p>\n<hr \/>\n<p class=\"ds-markdown-paragraph\"><strong>\ud83d\udd2c Kompletn\u00fd technick\u00fd s\u00fabor?<\/strong>\u00a0Naskenujte QR k\u00f3d<\/p>\n<p class=\"ds-markdown-paragraph\"><em>Upozornenie: Pre \u0161t\u00fadie na \u013eu\u010foch je potrebn\u00fd s\u00fahlas etickej komisie.<\/em><\/p>\n<hr \/>\n<h3><strong>V\u00fdskumn\u00e1 slu\u017eba<\/strong><\/h3>\n<p class=\"ds-markdown-paragraph\">Pri objedn\u00e1vke &gt; 5 pijav\u00fdch papierov:<br \/>\n\u2713\u00a0<strong>Sprievodca bezplatn\u00fdm fMRI protokolom<\/strong><br \/>\n\u2713\u00a0<strong>Pr\u00edstup k \u00fadajom o v\u00e4zbe na receptory<\/strong><\/p>\n<hr \/>\n<p class=\"ds-markdown-paragraph\"><strong>PR\u00c1VNE UPOZORNENIE:<\/strong>\u00a0Tento produkt spad\u00e1 pod\u00a0<strong>\u00f3piov\u00fd z\u00e1kon<\/strong>Dr\u017eba bez povolenia je trestn\u00e1.<\/p>\n<hr \/>\n<h3><strong>Odpor\u00fa\u010dan\u00e9 d\u00e1vkovanie (\u0161t\u00fadie na zvierat\u00e1ch)<\/strong><\/h3>\n<div class=\"markdown-table-wrapper\">\n<table>\n<thead>\n<tr>\n<th>Model<\/th>\n<th>Po\u010diato\u010dn\u00e1 d\u00e1vka<\/th>\n<th>Maxim\u00e1lna d\u00e1vka<\/th>\n<\/tr>\n<\/thead>\n<tbody>\n<tr>\n<td>My\u0161i<\/td>\n<td>0,1 mg\/kg<\/td>\n<td>0,4 mg\/kg<\/td>\n<\/tr>\n<tr>\n<td>Potkany<\/td>\n<td>0,05 mg\/kg<\/td>\n<td>0,2 mg\/kg<\/td>\n<\/tr>\n<tr>\n<td>Prim\u00e1ty<\/td>\n<td>0,01 mg\/kg<\/td>\n<td>0,05 mg\/kg<\/td>\n<\/tr>\n<\/tbody>\n<\/table>\n<p><a href=\"https:\/\/apexresearchchemical.eu\/sk\/obchod\/lysergamidy\/1v-lsd-150-mcg-pijavice\/\">1vlsd<\/a><a href=\"https:\/\/apexresearchchemical.eu\/sk\/obchod\/pelety-2\/o-dsmt-50-mg-pelety\/\">o-dsmt<\/a><a href=\"https:\/\/apexresearchchemical.eu\/sk\/obchod\/lysergamidy\/1cp-lsd-150-mcg-umelecke-pijavice\/\">1 cp lsd<\/a><a href=\"https:\/\/apexresearchchemical.eu\/sk\/obchod\/iboga-ibogain\/kupit-ibogain-hydrochlorid-online\/\">k\u00fapi\u0165 iboga\u00edn hydrochlorid online<\/a><a href=\"https:\/\/apexresearchchemical.eu\/sk\/obchod\/iboga-ibogain\/kora-korena-iboga\/\">k\u00f4ra kore\u0148a iboga<\/a><\/p>\n<\/div>","protected":false},"excerpt":{"rendered":"<h2><strong>1P-LSD vrecko s 1 pijav\u00fdm papierom<\/strong><\/h2>\n<ul>\n<li><strong>Maloobchodn\u00e9 balenie<br \/>\n<\/strong><\/li>\n<li><strong>Po\u010det pijaviek na vrecko: 1<\/strong><\/li>\n<li><strong>Ceny s\u00fa bez DPH 21%<\/strong><\/li>\n<li><strong>Odpor\u00fa\u010dan\u00e1 maloobchodn\u00e1 cena: 10,00 \u20ac vr. DPH<\/strong><\/li>\n<\/ul>","protected":false},"featured_media":29202,"comment_status":"closed","ping_status":"closed","template":"","meta":[],"product_brand":[],"product_cat":[555],"product_tag":[929,926,590,326],"class_list":{"0":"post-24439","1":"product","2":"type-product","3":"status-publish","4":"has-post-thumbnail","6":"product_cat-b2b","7":"product_tag-1p-lsd","8":"product_tag-1p-lsd-kopen","9":"product_tag-microdose-1p-lsd","10":"product_tag-nl","12":"first","13":"instock","14":"taxable","15":"shipping-taxable","16":"purchasable","17":"product-type-variable"},"_links":{"self":[{"href":"https:\/\/apexresearchchemical.eu\/sk\/wp-json\/wp\/v2\/product\/24439","targetHints":{"allow":["GET"]}}],"collection":[{"href":"https:\/\/apexresearchchemical.eu\/sk\/wp-json\/wp\/v2\/product"}],"about":[{"href":"https:\/\/apexresearchchemical.eu\/sk\/wp-json\/wp\/v2\/types\/product"}],"replies":[{"embeddable":true,"href":"https:\/\/apexresearchchemical.eu\/sk\/wp-json\/wp\/v2\/comments?post=24439"}],"version-history":[{"count":4,"href":"https:\/\/apexresearchchemical.eu\/sk\/wp-json\/wp\/v2\/product\/24439\/revisions"}],"predecessor-version":[{"id":26478,"href":"https:\/\/apexresearchchemical.eu\/sk\/wp-json\/wp\/v2\/product\/24439\/revisions\/26478"}],"wp:featuredmedia":[{"embeddable":true,"href":"https:\/\/apexresearchchemical.eu\/sk\/wp-json\/wp\/v2\/media\/29202"}],"wp:attachment":[{"href":"https:\/\/apexresearchchemical.eu\/sk\/wp-json\/wp\/v2\/media?parent=24439"}],"wp:term":[{"taxonomy":"product_brand","embeddable":true,"href":"https:\/\/apexresearchchemical.eu\/sk\/wp-json\/wp\/v2\/product_brand?post=24439"},{"taxonomy":"product_cat","embeddable":true,"href":"https:\/\/apexresearchchemical.eu\/sk\/wp-json\/wp\/v2\/product_cat?post=24439"},{"taxonomy":"product_tag","embeddable":true,"href":"https:\/\/apexresearchchemical.eu\/sk\/wp-json\/wp\/v2\/product_tag?post=24439"}],"curies":[{"name":"pracovn\u00fd list","href":"https:\/\/api.w.org\/{rel}","templated":true}]}}