{"id":24140,"date":"2025-04-13T17:41:08","date_gmt":"2025-04-13T17:41:08","guid":{"rendered":"https:\/\/apexresearchchemical.eu\/?post_type=product&#038;p=24140"},"modified":"2026-03-20T10:50:40","modified_gmt":"2026-03-20T10:50:40","slug":"chem-mist-4f-mph-10-spray","status":"publish","type":"product","link":"https:\/\/apexresearchchemical.eu\/sl\/trgovina\/medpodjetniski-odnos\/chem-mist-4f-mph-10-spray\/","title":{"rendered":"Kemi\u010dna meglica 4F-MPH 10% sprej"},"content":{"rendered":"<h1>Chem-mist 4F-MPH 10% 10 ML Spray<\/h1>\n<ul>\n<li><strong>Retailverpakking, <mark>4f mph<\/mark>,<br \/>\n<\/strong><\/li>\n<li><strong>Koli\u010dina ml na razpr\u0161ek: 10<\/strong><\/li>\n<li><strong>Hoeveelheid 4F-MPH per spray: 1gr<\/strong><\/li>\n<li><strong>Cene ne vklju\u010dujejo DDV za 21%<\/strong><\/li>\n<li><strong>Adviesverkoopprijs: \u20ac44,95 incl. BTW<\/strong><\/li>\n<\/ul>","protected":false},"excerpt":{"rendered":"<p>Chem-mist 4F-MPH 10% 10 ml sprej Maloprodajna embala\u017ea, 4f mph, Koli\u010dina ml na razpr\u0161ek: 10 Koli\u010dina 4F-MPH na razpr\u0161ek: 1gr Cene<\/p>","protected":false},"featured_media":29347,"comment_status":"closed","ping_status":"closed","template":"","meta":[],"product_brand":[],"product_cat":[555],"product_tag":[571,326],"class_list":{"0":"post-24140","1":"product","2":"type-product","3":"status-publish","4":"has-post-thumbnail","6":"product_cat-b2b","7":"product_tag-4f-mph","8":"product_tag-nl","10":"first","11":"instock","12":"taxable","13":"shipping-taxable","14":"purchasable","15":"product-type-variable"},"_links":{"self":[{"href":"https:\/\/apexresearchchemical.eu\/sl\/wp-json\/wp\/v2\/product\/24140","targetHints":{"allow":["GET"]}}],"collection":[{"href":"https:\/\/apexresearchchemical.eu\/sl\/wp-json\/wp\/v2\/product"}],"about":[{"href":"https:\/\/apexresearchchemical.eu\/sl\/wp-json\/wp\/v2\/types\/product"}],"replies":[{"embeddable":true,"href":"https:\/\/apexresearchchemical.eu\/sl\/wp-json\/wp\/v2\/comments?post=24140"}],"version-history":[{"count":2,"href":"https:\/\/apexresearchchemical.eu\/sl\/wp-json\/wp\/v2\/product\/24140\/revisions"}],"predecessor-version":[{"id":25907,"href":"https:\/\/apexresearchchemical.eu\/sl\/wp-json\/wp\/v2\/product\/24140\/revisions\/25907"}],"wp:featuredmedia":[{"embeddable":true,"href":"https:\/\/apexresearchchemical.eu\/sl\/wp-json\/wp\/v2\/media\/29347"}],"wp:attachment":[{"href":"https:\/\/apexresearchchemical.eu\/sl\/wp-json\/wp\/v2\/media?parent=24140"}],"wp:term":[{"taxonomy":"product_brand","embeddable":true,"href":"https:\/\/apexresearchchemical.eu\/sl\/wp-json\/wp\/v2\/product_brand?post=24140"},{"taxonomy":"product_cat","embeddable":true,"href":"https:\/\/apexresearchchemical.eu\/sl\/wp-json\/wp\/v2\/product_cat?post=24140"},{"taxonomy":"product_tag","embeddable":true,"href":"https:\/\/apexresearchchemical.eu\/sl\/wp-json\/wp\/v2\/product_tag?post=24140"}],"curies":[{"name":"delovni list","href":"https:\/\/api.w.org\/{rel}","templated":true}]}}