{"id":24177,"date":"2025-04-13T17:41:13","date_gmt":"2025-04-13T17:41:13","guid":{"rendered":"https:\/\/apexresearchchemical.eu\/?post_type=product&#038;p=24177"},"modified":"2026-03-20T10:13:55","modified_gmt":"2026-03-20T10:13:55","slug":"skatla-z-norflurazepamom-10-mg","status":"publish","type":"product","link":"https:\/\/apexresearchchemical.eu\/sl\/trgovina\/medpodjetniski-odnos\/skatla-z-norflurazepamom-10-mg\/","title":{"rendered":"RC+ \u0161katla z norflurazepamom 10 mg"},"content":{"rendered":"<h2><strong>Norflurazepam \u2013 Kaj morate vedeti<\/strong><\/h2>\n<p>Norflurazepam je derivat benzodiazepina s sedativnim, mi\u0161i\u010dnim relaksantnim in anksioliti\u010dnim u\u010dinkom. \u010ceprav se v\u010dasih uporablja kot pomo\u010d pri spanju ali za zdravljenje tesnobe, v mnogih dr\u017eavah \u2013 vklju\u010dno z Nizozemsko in Belgijo \u2013 ni predpisan. <strong>ni odobreno<\/strong> za medicinsko uporabo. Zaradi tveganja zlorabe in odvisnosti pogosto spada pod <strong>Zakon o opiju<\/strong>.<\/p>\n<hr \/>\n<h3>\ud83d\udce6 Informacije o norflurazepamu 10 mg (50 peletov)<\/h3>\n<h4>1. <strong>Pravni status<\/strong><\/h4>\n<ul>\n<li><strong>Nizozemska<\/strong>Norflurazepam je na <strong>Seznam I Zakona o opiju<\/strong>Posest, trgovina ali proizvodnja brez dovoljenja je kazniva.<\/li>\n<li><strong>Belgija<\/strong>Prepovedano tudi v skladu z <strong>zakoni o drogah<\/strong>Ni priznano kot zdravilo.<a href=\"https:\/\/apexresearchchemical.eu\/sl\/trgovina\/medpodjetniski-odnos\/rc-norflurazepam-5mg-box\/\">RC+ \u0161katla s 5 mg norflurazepama<\/a><\/li>\n<\/ul>\n<h4>2. <strong>Zdravstvena tveganja<\/strong><\/h4>\n<ul>\n<li><strong>Visoko tveganje za odvisnost<\/strong>Tako fizi\u010dna kot psihi\u010dna odvisnost.<\/li>\n<li><strong>Dolgotrajna uporaba<\/strong> lahko vodi do:\n<ul>\n<li>Toleranca (potreben je vedno vi\u0161ji odmerek)<\/li>\n<li>Odtegnitveni simptomi, kot so tesnoba, nespe\u010dnost, epilepti\u010dni napadi<\/li>\n<\/ul>\n<\/li>\n<li><strong>Nevarne kombinacije<\/strong>Zau\u017eitje z alkoholom ali drugimi depresivnimi snovmi (kot so opioidi) lahko povzro\u010di depresijo dihanja in smrt.<a title=\"6-CL-ADBA\" href=\"https:\/\/apexresearchchemical.eu\/sl\/trgovina\/skoraj-prepovedano\/6-cl-adba\/\" target=\"_blank\" rel=\"noopener\">6-CL-ADBA<\/a><\/li>\n<\/ul>\n<h4>3. <strong>Zdravni\u0161ki nasvet<\/strong><\/h4>\n<ul>\n<li>Uporabite to zdravilo <strong>samo pod zdravni\u0161kim nadzorom<\/strong> v dr\u017eavah, kjer je to legalno.<\/li>\n<li>Ali trpite zaradi zlorabe ali odvisnosti? <strong>Poi\u0161\u010dite strokovno pomo\u010d.<a title=\"2C-EF 2 mg kapsule\" href=\"https:\/\/apexresearchchemical.eu\/sl\/trgovina\/fenetilamin\/2c-ef-2-mg-kapsule\/\" target=\"_blank\" rel=\"noopener\">2C-EF 2 mg kapsule<\/a><\/strong><\/li>\n<\/ul>\n<hr \/>\n<h3>\u26a0\ufe0fPomembno opozorilo<\/h3>\n<p>Uporaba <strong>nikoli<\/strong> Norflurazepam brez zdravni\u0161kega recepta. Nezakonita trgovina \u2013 prek interneta ali prek uli\u010dnih preprodajalcev \u2013 nosi znatna tveganja:<\/p>\n<ul>\n<li>Mo\u017ena kontaminacija tablet<\/li>\n<li>Nezanesljiv odmerek<\/li>\n<\/ul>\n<p>Za <strong>varne in legalne alternative<\/strong> \u010ce imate te\u017eave s spanjem ali te\u017eave z anksioznostjo, se obrnite na svojega <strong>splo\u0161ni zdravnik ali farmacevt<\/strong>.<\/p>\n<p>&nbsp;<\/p>","protected":false},"excerpt":{"rendered":"<p>Norflurazepam \u2013 Kaj morate vedeti Norflurazepam je derivat benzodiazepina s sedativnimi, mi\u0161i\u010dnimi relaksanti in anksioliti\u010dnimi u\u010dinki. \u010ceprav se v\u010dasih uporablja<\/p>","protected":false},"featured_media":29471,"comment_status":"closed","ping_status":"closed","template":"","meta":[],"product_brand":[82],"product_cat":[555],"product_tag":[326,132,137,135,134,136,133],"class_list":{"0":"post-24177","1":"product","2":"type-product","3":"status-publish","4":"has-post-thumbnail","6":"product_brand-research-chemical","7":"product_cat-b2b","8":"product_tag-nl","9":"product_tag-norflurazepam","10":"product_tag-norflurazepam-dosering","11":"product_tag-norflurazepam-ervaring","12":"product_tag-norflurazepam-ervaringen","13":"product_tag-norflurazepam-psychonaut","14":"product_tag-norflurazepam-werking","16":"first","17":"instock","18":"taxable","19":"shipping-taxable","20":"purchasable","21":"product-type-variable"},"_links":{"self":[{"href":"https:\/\/apexresearchchemical.eu\/sl\/wp-json\/wp\/v2\/product\/24177","targetHints":{"allow":["GET"]}}],"collection":[{"href":"https:\/\/apexresearchchemical.eu\/sl\/wp-json\/wp\/v2\/product"}],"about":[{"href":"https:\/\/apexresearchchemical.eu\/sl\/wp-json\/wp\/v2\/types\/product"}],"replies":[{"embeddable":true,"href":"https:\/\/apexresearchchemical.eu\/sl\/wp-json\/wp\/v2\/comments?post=24177"}],"version-history":[{"count":4,"href":"https:\/\/apexresearchchemical.eu\/sl\/wp-json\/wp\/v2\/product\/24177\/revisions"}],"predecessor-version":[{"id":26022,"href":"https:\/\/apexresearchchemical.eu\/sl\/wp-json\/wp\/v2\/product\/24177\/revisions\/26022"}],"wp:featuredmedia":[{"embeddable":true,"href":"https:\/\/apexresearchchemical.eu\/sl\/wp-json\/wp\/v2\/media\/29471"}],"wp:attachment":[{"href":"https:\/\/apexresearchchemical.eu\/sl\/wp-json\/wp\/v2\/media?parent=24177"}],"wp:term":[{"taxonomy":"product_brand","embeddable":true,"href":"https:\/\/apexresearchchemical.eu\/sl\/wp-json\/wp\/v2\/product_brand?post=24177"},{"taxonomy":"product_cat","embeddable":true,"href":"https:\/\/apexresearchchemical.eu\/sl\/wp-json\/wp\/v2\/product_cat?post=24177"},{"taxonomy":"product_tag","embeddable":true,"href":"https:\/\/apexresearchchemical.eu\/sl\/wp-json\/wp\/v2\/product_tag?post=24177"}],"curies":[{"name":"delovni list","href":"https:\/\/api.w.org\/{rel}","templated":true}]}}