{"id":24700,"date":"2025-04-13T17:42:46","date_gmt":"2025-04-13T17:42:46","guid":{"rendered":"https:\/\/apexresearchchemical.eu\/?post_type=product&#038;p=24700"},"modified":"2026-03-20T07:31:44","modified_gmt":"2026-03-20T07:31:44","slug":"1bz-lsd-10mcg-peletov-mikrodoza","status":"publish","type":"product","link":"https:\/\/apexresearchchemical.eu\/sl\/trgovina\/1bz-lsd\/1bz-lsd-10mcg-peletov-mikrodoza\/","title":{"rendered":"1Bz-LSD 10mcg peleti \u2013 mikrodoza"},"content":{"rendered":"<h3><strong>1B-LSD 10mcg peleti \u2013 znanstvene \u0161tudije mikrodoziranja<\/strong><\/h3>\n<h4><strong>O 1B-LSD<\/strong><\/h4>\n<p class=\"ds-markdown-paragraph\">apb 6, 1B-LSD (dietilamid 1-butanoil-lizerginske kisline) je <strong>raziskovalna kemikalija<\/strong>\u00a0strukturno sorodno LSD-ju. To\u00a0<strong>pelete z ultra nizkim odmerkom (10 mcg)<\/strong>\u00a0so posebej razviti za\u00a0<strong>raziskave mikrodoz<\/strong>\u00a0do subtilnih nevrokognitivnih in nevroplasti\u010dnih u\u010dinkov.<\/p>\n<hr \/>\n<h3><strong>Zna\u010dilnosti izdelka:<\/strong><\/h3>\n<p class=\"ds-markdown-paragraph\">\u2705\u00a0<strong>Ultra natan\u010dno mikrodoziranje<\/strong>\u00a0\u2013 Natan\u010dno\u00a0<strong>10 mikrogramov (0,01 mg) na peleto<\/strong><br \/>\n\u2705\u00a0<strong>Analiti\u010dna kakovost<\/strong>\u00a0\u2013 HPLC pre\u010di\u0161\u010deno za natan\u010dne \u0161tudije<br \/>\n\u2705\u00a0<strong>Dosledna biolo\u0161ka uporabnost<\/strong>\u00a0\u2013 Optimalna formulacija za znanstvene \u0161tudije<br \/>\n\u2705\u00a0<strong>Primerno za dolgoro\u010dne raziskave<\/strong>\u00a0\u2013 Nizek odmerek za ve\u010dkratno uporabo<\/p>\n<hr \/>\n<h3><strong>Raziskovalne prilo\u017enosti:<\/strong><\/h3>\n<ul>\n<li>\n<p class=\"ds-markdown-paragraph\"><strong>Nevroplasti\u010dnost<\/strong> \u2013 \u0160tudija o izra\u017eanju BDNF in sinapti\u010dni plasti\u010dnosti, apb 6<\/p>\n<\/li>\n<li>\n<p class=\"ds-markdown-paragraph\"><strong>Kognitivne funkcije<\/strong>\u00a0\u2013 Vpliv na delovni spomin in ustvarjalno mi\u0161ljenje<\/p>\n<\/li>\n<li>\n<p class=\"ds-markdown-paragraph\"><strong>Modulacija razpolo\u017eenja<\/strong>\u00a0\u2013 Raziskave subtilnih sprememb razpolo\u017eenja<\/p>\n<\/li>\n<li>\n<p class=\"ds-markdown-paragraph\"><strong>Primerjalna farmakologija<\/strong>\u00a0\u2013 Vrednotenje v primerjavi z drugimi lizergamidi<\/p>\n<\/li>\n<\/ul>\n<hr \/>\n<h3><strong>Raziskovalni protokol in odmerjanje:<\/strong><\/h3>\n<p class=\"ds-markdown-paragraph\">\ud83d\udd2c\u00a0<strong>Priporo\u010deni raziskovalni parametri:<\/strong><\/p>\n<ul>\n<li>\n<p class=\"ds-markdown-paragraph\"><strong>Pogostost<\/strong>1x vsake 3-4 dni za \u0161tudije kopi\u010denja<\/p>\n<\/li>\n<li>\n<p class=\"ds-markdown-paragraph\"><strong>Trajanje<\/strong>Najve\u010d 6\u20138 tednov na raziskovalni cikel<\/p>\n<\/li>\n<li>\n<p class=\"ds-markdown-paragraph\"><strong>Kontrolna skupina<\/strong>Placebo nadzorovana nastavitev je bistvena<\/p>\n<\/li>\n<\/ul>\n<p class=\"ds-markdown-paragraph\">\u26a0\u00a0<strong>Klju\u010dni varnostni ukrepi:<\/strong><\/p>\n<ul>\n<li>\n<p class=\"ds-markdown-paragraph\"><strong>Strogo za \u0161tudije na \u017eivalih in vitro\/in vivo<\/strong>\u00a0(brez poskusov na ljudeh)<\/p>\n<\/li>\n<li>\n<p class=\"ds-markdown-paragraph\"><strong>Izogibajte se kombinaciji<\/strong>\u00a0z zaviralci MAO ali serotonergi\u010dnimi sredstvi<\/p>\n<\/li>\n<li>\n<p class=\"ds-markdown-paragraph\"><strong>Psihiatri\u010dno spremljanje<\/strong>\u00a0v \u017eivalskih modelih<\/p>\n<\/li>\n<\/ul>\n<hr \/>\n<h3><strong>Pravni status (2024):<\/strong><\/h3>\n<ul>\n<li>\n<p class=\"ds-markdown-paragraph\"><strong>Neregulirano<\/strong>\u00a0kot raziskovalna kemikalija v nekaterih jurisdikcijah<\/p>\n<\/li>\n<li>\n<p class=\"ds-markdown-paragraph\"><strong>Prepovedano<\/strong>\u00a0za \u010dlove\u0161ko uporabo po vsem svetu<\/p>\n<\/li>\n<li>\n<p class=\"ds-markdown-paragraph\"><strong>Samo za akreditirane raziskovalne ustanove<\/strong><\/p>\n<\/li>\n<\/ul>\n<hr \/>\n<h3><strong>Zakaj te mikrodozirane pelete?<\/strong><\/h3>\n<p class=\"ds-markdown-paragraph\">\ud83d\udd2c\u00a0<strong>Edinstveno raziskovalno orodje<\/strong>\u00a0\u2013 Prvi standardiziran mikrodoz 1B-LSD<br \/>\n\ud83d\udce6\u00a0<strong>Specializirana embala\u017ea<\/strong>\u00a0\u2013 Posamezno lo\u010deno pretisno pakiranje<br \/>\n\ud83d\udcca\u00a0<strong>Raziskovalni komplet<\/strong>\u00a0\u2013 Vklju\u010dno s kontrolnimi peletami s placebom na zahtevo<\/p>\n<hr \/>\n<h3><strong>Shranjevanje in stabilnost:<\/strong><\/h3>\n<ul>\n<li>\n<p class=\"ds-markdown-paragraph\"><strong>Pogoji shranjevanja<\/strong>: 2\u20138 \u00b0C (hladilnik) v temni embala\u017ei<\/p>\n<\/li>\n<li>\n<p class=\"ds-markdown-paragraph\"><strong>Rok uporabnosti<\/strong>24 mesecev pri pravilnem skladi\u0161\u010denju<\/p>\n<\/li>\n<li>\n<p class=\"ds-markdown-paragraph\"><strong>Ravnanje<\/strong>Pri rokovanju uporabljajte rokavice<\/p>\n<\/li>\n<\/ul>\n<hr \/>\n<h3><strong>Pomembne omejitve raziskav:<\/strong><\/h3>\n<ul>\n<li>\n<p class=\"ds-markdown-paragraph\"><strong>Ni \u0161tudij navzkri\u017ene tolerance<\/strong>\u00a0s klasi\u010dnimi psihedeliki<\/p>\n<\/li>\n<li>\n<p class=\"ds-markdown-paragraph\"><strong>Najdalj\u0161e trajanje raziskave<\/strong>\u00a02 meseca na poskus<\/p>\n<\/li>\n<li>\n<p class=\"ds-markdown-paragraph\"><strong>Obvezna obdobja izpiranja<\/strong>\u00a0med \u0161tudijami<\/p>\n<\/li>\n<\/ul>\n<hr \/>\n<p class=\"ds-markdown-paragraph\"><strong>Za akademske ustanove:<\/strong><br \/>\n*Na voljo v testnih kompletih s 100\u2013500 peletami. Vsebuje:*<\/p>\n<ul>\n<li>\n<p class=\"ds-markdown-paragraph\">Analitski certifikat<\/p>\n<\/li>\n<li>\n<p class=\"ds-markdown-paragraph\">Kontrolni set s placebom<\/p>\n<\/li>\n<li>\n<p class=\"ds-markdown-paragraph\">Standardni raziskovalni protokol. <a href=\"https:\/\/apexresearchchemical.eu\/sl\/trgovina\/iboga-ibogain\/lubje-korenine-iboge\/\">lubje korenine iboge<\/a><a href=\"https:\/\/apexresearchchemical.eu\/sl\/trgovina\/iboga-ibogain\/kupiti-ibogain-hcl-na-spletu\/\">kupiti ibogain HCl na spletu<\/a><a href=\"https:\/\/apexresearchchemical.eu\/sl\/trgovina\/lisergamidi\/1cp-lsd\/\">1cp lsd<\/a><a href=\"https:\/\/apexresearchchemical.eu\/sl\/trgovina\/peleti-za-pelete\/o-dsmt-50-mg-pelete\/\">o-dsmt<\/a><a href=\"https:\/\/apexresearchchemical.eu\/sl\/trgovina\/lisergamidi\/1vlsd\/\">1vlsd<\/a><\/p>\n<\/li>\n<\/ul>","protected":false},"excerpt":{"rendered":"<h3>1Bz-LSD 10mcg Pellets \u2013 Microdose<\/h3>\n<p><strong>Synoniem<\/strong>: n\/a<br \/>\n<strong>CAS Nummer<\/strong>: n\/a<br \/>\n<b>IUPAC: <\/b>(6aR,9R)-4-benzoyl-N,N-diethyl-7-methyl-4,6,6a,7,8,9-hexahydroindolo[4,3-fg]quinoline-9-carboxamide hemitartrate<br \/>\n<strong>Molmassa<\/strong>: 427.23 g\/mol<br \/>\n<strong>Zuiverheid<\/strong>: &gt;99%<\/p>\n","protected":false},"featured_media":29186,"comment_status":"closed","ping_status":"closed","template":"","meta":[],"product_brand":[82],"product_cat":[375,376,358,324],"product_tag":[763,758,760,762,759,761],"class_list":{"0":"post-24700","1":"product","2":"type-product","3":"status-publish","4":"has-post-thumbnail","6":"product_brand-research-chemical","7":"product_cat-1bz-lsd","8":"product_cat-1bz-lsd-pellets","9":"product_cat-lysergamides","10":"product_cat-pellets-for-pellet","11":"product_tag-1-benzoyl-lsd","12":"product_tag-1bz-lsd","13":"product_tag-1bz-lsd-10mcg","14":"product_tag-1bz-lsd-microdose","15":"product_tag-1bz-lsd-pellets","16":"product_tag-microdosing-1bz-lsd","18":"first","19":"instock","20":"taxable","21":"shipping-taxable","22":"purchasable","23":"product-type-variable"},"_links":{"self":[{"href":"https:\/\/apexresearchchemical.eu\/sl\/wp-json\/wp\/v2\/product\/24700","targetHints":{"allow":["GET"]}}],"collection":[{"href":"https:\/\/apexresearchchemical.eu\/sl\/wp-json\/wp\/v2\/product"}],"about":[{"href":"https:\/\/apexresearchchemical.eu\/sl\/wp-json\/wp\/v2\/types\/product"}],"replies":[{"embeddable":true,"href":"https:\/\/apexresearchchemical.eu\/sl\/wp-json\/wp\/v2\/comments?post=24700"}],"version-history":[{"count":6,"href":"https:\/\/apexresearchchemical.eu\/sl\/wp-json\/wp\/v2\/product\/24700\/revisions"}],"predecessor-version":[{"id":26427,"href":"https:\/\/apexresearchchemical.eu\/sl\/wp-json\/wp\/v2\/product\/24700\/revisions\/26427"}],"wp:featuredmedia":[{"embeddable":true,"href":"https:\/\/apexresearchchemical.eu\/sl\/wp-json\/wp\/v2\/media\/29186"}],"wp:attachment":[{"href":"https:\/\/apexresearchchemical.eu\/sl\/wp-json\/wp\/v2\/media?parent=24700"}],"wp:term":[{"taxonomy":"product_brand","embeddable":true,"href":"https:\/\/apexresearchchemical.eu\/sl\/wp-json\/wp\/v2\/product_brand?post=24700"},{"taxonomy":"product_cat","embeddable":true,"href":"https:\/\/apexresearchchemical.eu\/sl\/wp-json\/wp\/v2\/product_cat?post=24700"},{"taxonomy":"product_tag","embeddable":true,"href":"https:\/\/apexresearchchemical.eu\/sl\/wp-json\/wp\/v2\/product_tag?post=24700"}],"curies":[{"name":"delovni list","href":"https:\/\/api.w.org\/{rel}","templated":true}]}}