{"id":27216,"date":"2025-08-14T11:20:44","date_gmt":"2025-08-14T11:20:44","guid":{"rendered":"https:\/\/apexresearchchemical.eu\/?page_id=27216"},"modified":"2026-01-06T04:38:02","modified_gmt":"2026-01-06T04:38:02","slug":"atervanda","status":"publish","type":"page","link":"https:\/\/apexresearchchemical.eu\/sv\/atervanda\/","title":{"rendered":"Returer"},"content":{"rendered":"<p><strong>Returpolicy<\/strong><\/p>\n\n\n\n<p>Enligt distansf\u00f6rs\u00e4ljningslagen har konsumenter 14 dagars \u00e5ngerr\u00e4tt vid onlinek\u00f6p, fr\u00e5n det datum de mottagit produkten. Under denna period kan de returnera produkten utan att ange n\u00e5gon anledning.<\/p>\n\n\n\n<p><strong>Villkor<\/strong><\/p>\n\n\n\n<p>Ut\u00f6vandet av \u00e5ngerr\u00e4tten omfattas av vissa lagbest\u00e4mmelser. Under \u00e5ngertiden m\u00e5ste konsumenten hantera b\u00e5de produkten och dess f\u00f6rpackning varsamt. Produkten f\u00e5r endast packas upp eller anv\u00e4ndas i den utstr\u00e4ckning det \u00e4r n\u00f6dv\u00e4ndigt f\u00f6r att bed\u00f6ma om konsumenten vill beh\u00e5lla den. Om \u00e5ngerr\u00e4tten utnyttjas m\u00e5ste produkten, tillsammans med alla medf\u00f6ljande tillbeh\u00f6r, returneras till researchchemicallab.eu i originalskick och f\u00f6rpackning.<\/p>\n\n\n\n<p>Produkter som \u00e4r skadade, returnerade ofullst\u00e4ndiga eller har anv\u00e4nts flitigt \u00e4r inte ber\u00e4ttigade till full \u00e5terbetalning.<\/p>\n\n\n\n<p>Kostnaderna och riskerna f\u00f6r returfrakten \u00e4r kundens ansvar. researchchemicallab.eu \u00e4r skyldig att \u00e5terbetala det betalda beloppet, exklusive returfraktkostnader, inom 30 dagar.<\/p>\n\n\n\n<p><strong>Avbryt innan leverans<\/strong><\/p>\n\n\n\n<p>S\u00e5 l\u00e4nge best\u00e4llningen inte har betalats, paketerats och\/eller skickats kan den avbrytas genom att skicka ett e-postmeddelande till info.<a>@apexresearchchemical.eu<\/a><\/p>\n\n\n\n<p><strong>Returer efter mottagande<\/strong><\/p>\n\n\n\n<p>Efter att du mottagit din best\u00e4llning och om du vill returnera den m\u00e5ste du f\u00f6rst skicka ett e-postmeddelande till info<a>@apexresearchchemical.eu<\/a><\/p>\n\n\n\n<p>Du ansvarar endast f\u00f6r returfraktkostnaderna. Din fulla \u00e5terbetalning utf\u00e4rdas n\u00e4r researchchemicallab.eu mottagit den returnerade varan.<\/p>\n\n\n\n<p>Observera att oavsett orsak till avbokning m\u00e5ste du agera inom den lagstadgade perioden. Det inneb\u00e4r att du m\u00e5ste meddela researchchemicallab.eu inom 14 dagar efter att du mottagit din best\u00e4llning och returnera produkten inom 14 dagar.<\/p>\n\n\n\n<p><strong>Returpolicy<\/strong><\/p>\n\n\n\n<p>Du kan returnera en produkt inom \u00e5ngerr\u00e4tten om:<\/p>\n\n\n\n<ul class=\"wp-block-list\">\n<li>Produkten har inte anv\u00e4nts.<\/li>\n\n\n\n<li>Det finns inga synliga skador eller tydliga tecken p\u00e5 anv\u00e4ndning.<\/li>\n\n\n\n<li>Produkten, inklusive alla delar, returneras i samma skick som den mottogs.<\/li>\n<\/ul>\n\n\n\n<p>Det \u00e5terbetalda beloppet kan minskas om:<\/p>\n\n\n\n<ul class=\"wp-block-list\">\n<li>Produkten skadades av anv\u00e4ndaren eller under returfrakten.<\/li>\n\n\n\n<li>F\u00f6rpackningsmaterialet inte \u00e4r i originalskick (till exempel om f\u00f6rpackningen har \u00f6ppnats eller skadats).<\/li>\n<\/ul>\n\n\n\n<p>Om du v\u00e4grar din best\u00e4llning eller inte tydligt anger att du vill utnyttja din \u00e5ngerr\u00e4tt inom den angivna perioden, kan researchchemicallab.eu inte avg\u00f6ra varf\u00f6r best\u00e4llningen v\u00e4grades. I s\u00e5dana fall kommer du att debiteras f\u00f6r b\u00e5de best\u00e4llningen och eventuella ytterligare kostnader. Du \u00e4r enligt lag skyldig att informera Researchchemicalskopen.net i god tid om din avsikt att returnera produkter inom den avtalade perioden.<\/p>\n\n\n\n<p>Returnerade produkter m\u00e5ste vara i samma skick som de l\u00e4mnade v\u00e5rt lager.<\/p>","protected":false},"excerpt":{"rendered":"<p>Retourbeleid Volgens de Wet Kopen op Afstand heeft de consument bij online aankopen recht op een bedenktijd van 14 dagen<\/p>","protected":false},"author":1,"featured_media":0,"parent":0,"menu_order":0,"comment_status":"closed","ping_status":"closed","template":"","meta":{"footnotes":""},"class_list":["post-27216","page","type-page","status-publish","hentry"],"_links":{"self":[{"href":"https:\/\/apexresearchchemical.eu\/sv\/wp-json\/wp\/v2\/pages\/27216","targetHints":{"allow":["GET"]}}],"collection":[{"href":"https:\/\/apexresearchchemical.eu\/sv\/wp-json\/wp\/v2\/pages"}],"about":[{"href":"https:\/\/apexresearchchemical.eu\/sv\/wp-json\/wp\/v2\/types\/page"}],"author":[{"embeddable":true,"href":"https:\/\/apexresearchchemical.eu\/sv\/wp-json\/wp\/v2\/users\/1"}],"replies":[{"embeddable":true,"href":"https:\/\/apexresearchchemical.eu\/sv\/wp-json\/wp\/v2\/comments?post=27216"}],"version-history":[{"count":2,"href":"https:\/\/apexresearchchemical.eu\/sv\/wp-json\/wp\/v2\/pages\/27216\/revisions"}],"predecessor-version":[{"id":27515,"href":"https:\/\/apexresearchchemical.eu\/sv\/wp-json\/wp\/v2\/pages\/27216\/revisions\/27515"}],"wp:attachment":[{"href":"https:\/\/apexresearchchemical.eu\/sv\/wp-json\/wp\/v2\/media?parent=27216"}],"curies":[{"name":"wp","href":"https:\/\/api.w.org\/{rel}","templated":true}]}}