{"id":24961,"date":"2025-04-13T17:43:53","date_gmt":"2025-04-13T17:43:53","guid":{"rendered":"https:\/\/apexresearchchemical.eu\/?post_type=product&#038;p=24961"},"modified":"2026-03-20T06:47:00","modified_gmt":"2026-03-20T06:47:00","slug":"o-dsmt-50-mg-pellets","status":"publish","type":"product","link":"https:\/\/apexresearchchemical.eu\/sv\/handla\/o-dsmt\/o-dsmt-50-mg-pellets\/","title":{"rendered":"O-DSMT 50 mg pellets"},"content":{"rendered":"<p class=\"ds-markdown-paragraph\"><strong>O-DSMT 50 mg pellets \u2013 Dina fr\u00e5gor besvarade<\/strong><\/p>\n<h3><strong>1. Vad \u00e4r O-DSMT?<\/strong><\/h3>\n<p class=\"ds-markdown-paragraph\">O-DSMT (desmetramadol) \u00e4r en forskningskemikalie och en huvudmetabolit av tramadol. Den \u00e4r k\u00e4nd f\u00f6r sina potentiellt sm\u00e4rtstillande egenskaper och anv\u00e4nds i vetenskapliga studier.<\/p>\n<h3><strong>2. Varf\u00f6r v\u00e4lja O-DSMT 50 mg pellets?<\/strong><\/h3>\n<p class=\"ds-markdown-paragraph\">V\u00e5ra pellets erbjuder:<br \/>\n\u2705\u00a0<strong>Precisionsdosering<\/strong>\u00a0\u2013 Varje pellet inneh\u00e5ller exakt 50 mg f\u00f6r tillf\u00f6rlitliga resultat.<br \/>\n\u2705\u00a0<strong>Konsekvent kvalitet<\/strong>\u00a0\u2013 H\u00f6gkvalitativ rening f\u00f6r optimala forskningsresultat.<br \/>\n\u2705\u00a0<strong>Enkel bearbetning<\/strong>\u00a0\u2013 Pelletformen f\u00f6renklar dosering i laboratoriemilj\u00f6er.<\/p>\n<h3><strong>3. \u00c4r denna produkt s\u00e4ker f\u00f6r m\u00e4nsklig anv\u00e4ndning?<\/strong><\/h3>\n<p class=\"ds-markdown-paragraph\"><em>Inga.<\/em>\u00a0O-DSMT 50 mg pellets \u00e4r\u00a0<strong>endast avsedd f\u00f6r forsknings\u00e4ndam\u00e5l<\/strong>\u00a0och inte f\u00f6r konsumtion. Det \u00e4r viktigt att f\u00f6lja s\u00e4kerhetsprotokoll n\u00e4r det anv\u00e4nds f\u00f6r vetenskapliga \u00e4ndam\u00e5l.<\/p>\n<h3><strong>4. Hur ska jag f\u00f6rvara O-DSMT-pellets?<\/strong><\/h3>\n<p class=\"ds-markdown-paragraph\">F\u00f6rvara pelletsen i en\u00a0<strong>sval, torr plats<\/strong>F\u00f6rvaras utom r\u00e4ckh\u00e5ll f\u00f6r barn och obeh\u00f6riga. En m\u00f6rk, luftt\u00e4t beh\u00e5llare rekommenderas.<\/p>\n<h3><strong>5. Vilka till\u00e4mpningar \u00e4r dessa pellets l\u00e4mpliga f\u00f6r?<\/strong><\/h3>\n<p class=\"ds-markdown-paragraph\">De anv\u00e4nds i:<br \/>\n\ud83d\udd2c\u00a0<strong>Farmakologisk forskning<\/strong><br \/>\n\ud83e\uddea\u00a0<strong>Analytiska studier<\/strong><br \/>\n\ud83d\udcca\u00a0<strong>Vetenskapliga experiment<\/strong><\/p>\n<h3><strong>6. Var kan jag k\u00f6pa O-DSMT 50 mg pellets?<\/strong><\/h3>\n<p class=\"ds-markdown-paragraph\">Best\u00e4ll nu via v\u00e5r webbutik f\u00f6r\u00a0<strong>snabb leverans och diskret f\u00f6rpackning<\/strong>Endast tillg\u00e4nglig f\u00f6r registrerade forskare och laboratorier.<\/p>\n<p><a href=\"https:\/\/apexresearchchemical.eu\/sv\/handla\/iboga-ibogain\/kop-ibogaine-hcl-online\/\">K\u00f6p Ibogaine HCL<\/a><a href=\"https:\/\/apexresearchchemical.eu\/sv\/handla\/iboga-ibogain\/iboga-rotbark\/\">Iboga rotbark<\/a><a href=\"https:\/\/apexresearchchemical.eu\/sv\/handla\/lysergamider\/1cp-lsd\/\">1cP-LSD 150 MCG Art Blotters<\/a><a href=\"https:\/\/apexresearchchemical.eu\/sv\/handla\/lysergamider\/1v-lsd-150-mcg-blotters\/\">1V-LSD 150 MCG Blotters<\/a><a href=\"https:\/\/apexresearchchemical.eu\/sv\/handla\/2-cmc-pellets\/kop-2-cm-2\/kop-2-cm-2\/\">2-CMC 250 mg pellets<\/a><\/p>","protected":false},"excerpt":{"rendered":"<h3>O-DSMT-egenskaper<\/h3>\n<p><strong>Synonym:<\/strong> <i>O-desmetyltramadol, 3-(2-((dimetylamino)metyl)-1-hydroxicyklohexyl)fenol<\/i><br \/>\n<strong>CAS-nummer:<\/strong> 80456-81-1<br \/>\n<strong>Formel:<\/strong> <span title=\"Kol\">C<\/span><sub>15<\/sub><span title=\"V\u00e4te\">H<\/span><sub>23<\/sub><span title=\"Kv\u00e4ve\">N<\/span><span title=\"Syre\">O<\/span><sub>2<\/sub><br \/>\n<strong>Molmassa:<\/strong> 249,354 g\/mol<br \/>\n<strong>Renhet:<\/strong>\u00a0&gt;97%<\/p>","protected":false},"featured_media":29435,"comment_status":"closed","ping_status":"closed","template":"","meta":[],"product_brand":[82],"product_cat":[337,420,336,324],"product_tag":[326,727,725,728,726,729,730],"class_list":{"0":"post-24961","1":"product","2":"type-product","3":"status-publish","4":"has-post-thumbnail","6":"product_brand-research-chemical","7":"product_cat-o-dsmt","8":"product_cat-o-dsmt-pellets","9":"product_cat-overig","10":"product_cat-pellets-for-pellet","11":"product_tag-nl","12":"product_tag-o-dsmt-ervaringen","13":"product_tag-o-dsmt","14":"product_tag-o-dsmt-bestellen","15":"product_tag-o-dsmt-kopen","16":"product_tag-o-dsmt-psychonaut","17":"product_tag-what-is-o-dsmt","19":"first","20":"instock","21":"taxable","22":"shipping-taxable","23":"purchasable","24":"product-type-variable"},"_links":{"self":[{"href":"https:\/\/apexresearchchemical.eu\/sv\/wp-json\/wp\/v2\/product\/24961","targetHints":{"allow":["GET"]}}],"collection":[{"href":"https:\/\/apexresearchchemical.eu\/sv\/wp-json\/wp\/v2\/product"}],"about":[{"href":"https:\/\/apexresearchchemical.eu\/sv\/wp-json\/wp\/v2\/types\/product"}],"replies":[{"embeddable":true,"href":"https:\/\/apexresearchchemical.eu\/sv\/wp-json\/wp\/v2\/comments?post=24961"}],"version-history":[{"count":6,"href":"https:\/\/apexresearchchemical.eu\/sv\/wp-json\/wp\/v2\/product\/24961\/revisions"}],"predecessor-version":[{"id":25567,"href":"https:\/\/apexresearchchemical.eu\/sv\/wp-json\/wp\/v2\/product\/24961\/revisions\/25567"}],"wp:featuredmedia":[{"embeddable":true,"href":"https:\/\/apexresearchchemical.eu\/sv\/wp-json\/wp\/v2\/media\/29435"}],"wp:attachment":[{"href":"https:\/\/apexresearchchemical.eu\/sv\/wp-json\/wp\/v2\/media?parent=24961"}],"wp:term":[{"taxonomy":"product_brand","embeddable":true,"href":"https:\/\/apexresearchchemical.eu\/sv\/wp-json\/wp\/v2\/product_brand?post=24961"},{"taxonomy":"product_cat","embeddable":true,"href":"https:\/\/apexresearchchemical.eu\/sv\/wp-json\/wp\/v2\/product_cat?post=24961"},{"taxonomy":"product_tag","embeddable":true,"href":"https:\/\/apexresearchchemical.eu\/sv\/wp-json\/wp\/v2\/product_tag?post=24961"}],"curies":[{"name":"wp","href":"https:\/\/api.w.org\/{rel}","templated":true}]}}