{"id":26119,"date":"2025-05-01T01:31:17","date_gmt":"2025-05-01T01:31:17","guid":{"rendered":"https:\/\/apexresearchchemical.eu\/?post_type=product&#038;p=26119"},"modified":"2026-03-20T06:40:01","modified_gmt":"2026-03-20T06:40:01","slug":"iboga-rotbark","status":"publish","type":"product","link":"https:\/\/apexresearchchemical.eu\/sv\/handla\/iboga-ibogain\/iboga-rotbark\/","title":{"rendered":"Iboga rotbark"},"content":{"rendered":"<h2>K\u00f6p Iboga rotbark<\/h2>\n<p>ibogarotbark, V\u00e5r ibogarotbark som \u00e4r till salu kan konsumeras direkt genom att f\u00f6rt\u00e4ras eller malas till ibogarotbarkpulver innan konsumtion, d\u00e4r den kan inkapslas i kapslar och sv\u00e4ljas f\u00f6r att undvika den bittra smaken.<\/p>\n<p>En stor dos ibogarotbark konsumeras som en \u00f6verg\u00e5ngsrit och mindre m\u00e4ngder tas traditionellt f\u00f6r helande ceremonier och jakt av bwitifolket. Sm\u00e5 doser ibogarotbark p\u00e5 cirka 5 gram fungerar som ett stimulerande medel och afrodisiakum, medan stora doser ibogarotbark p\u00e5 cirka 10 till 25 gram kan anv\u00e4ndas f\u00f6r andlig utforskning, psykoterapeutisk l\u00e4kning, snabb fysisk avgiftning och \u00e5terh\u00e4mtning fr\u00e5n missbruk.<\/p>\n<p>Lovande resultat har ocks\u00e5 visats vid behandling av ett antal andra tillst\u00e5nd, inklusive Parkinsons sjukdom. M\u00e5nga Iboga-behandlingscenter har funnit att man beh\u00f6ver ta f\u00f6r mycket ibogarotbark f\u00f6r att f\u00e5 en fullst\u00e4ndig upplevelse.<\/p>\n<div class=\"elementor-element elementor-element-2342a3b elementor-widget elementor-widget-jws_widget_heading\" data-id=\"2342a3b\" data-element_type=\"widget\" data-widget_type=\"jws_widget_heading.default\">\n<div class=\"elementor-widget-container\">\n<div class=\"title-wrapper center\">\n<h2 class=\"title\">Vad du b\u00f6r veta<\/h2>\n<\/div>\n<\/div>\n<\/div>\n<div class=\"elementor-element elementor-element-dd111fd elementor-widget__width-initial elementor-widget elementor-widget-text-editor\" data-id=\"dd111fd\" data-element_type=\"widget\" data-widget_type=\"text-editor.default\">\n<div class=\"elementor-widget-container\">\n<p>Att konsumera en s\u00e5 stor m\u00e4ngd v\u00e4xtbark kan vara ganska sv\u00e5rt. Under Bwiti-initieringsceremonin har doser s\u00e5 h\u00f6ga som 100 gram ibogarotbark konsumerats under hela ceremonin. Detta \u00e4r den maximala dosen som observerats, och olika leverant\u00f6rer av ibogarotbarker har olika filosofier om exakta doser. En typisk terapeutisk dos av v\u00e5r ibogarotbark till salu varierar fr\u00e5n 5 till 100 gram, beroende p\u00e5 person och behandlingsm\u00e5l, men att \u00e4ta en stor m\u00e4ngd fiberhaltigt v\u00e4xtmaterial som v\u00e5r iboga till salu kan g\u00f6ra vem som helst illam\u00e5ende. Ibogarotbarken varar l\u00e4nge i kroppen, det tar cirka 72 timmar till en vecka ibland f\u00f6r den \u00e4ntligen att f\u00f6rsvinna ur systemet.<a href=\"https:\/\/apexresearchchemical.eu\/sv\/handla\/fenetylamin\/2c-ef-2-mg-kapslar\/\">2C-EF 2 mg kapslar<\/a><a href=\"https:\/\/apexresearchchemical.eu\/sv\/handla\/katinoner\/kop-2-cm-2\/\">2-CMC 250 mg pellets<\/a><a href=\"https:\/\/apexresearchchemical.eu\/sv\/handla\/lysergamider\/1v-lsd-150-mcg-blotters\/\">1V-LSD 150 MCG Blotters<\/a><a href=\"https:\/\/apexresearchchemical.eu\/sv\/handla\/pellets\/o-dsmt-50-mg-pellets\/\">O-DSMT 50 mg pellets<\/a><a href=\"https:\/\/apexresearchchemical.eu\/sv\/handla\/lysergamider\/1-kopp-lsd-150-mcg\/\">1cP-LSD 150 MCG Art Blotters<\/a><\/p>\n<\/div>\n<\/div>","protected":false},"excerpt":{"rendered":"<p>K\u00f6p Iboga rotbark iboga rotbark, V\u00e5r iboga rotbark till salu kan konsumeras direkt genom att f\u00f6rt\u00e4ras eller<\/p>","protected":false},"featured_media":29398,"comment_status":"closed","ping_status":"closed","template":"","meta":[],"product_brand":[],"product_cat":[908],"product_tag":[914],"class_list":{"0":"post-26119","1":"product","2":"type-product","3":"status-publish","4":"has-post-thumbnail","6":"product_cat-iboga-ibogaine","7":"product_tag-iboga-root-bark","9":"first","10":"instock","11":"taxable","12":"shipping-taxable","13":"purchasable","14":"product-type-variable"},"_links":{"self":[{"href":"https:\/\/apexresearchchemical.eu\/sv\/wp-json\/wp\/v2\/product\/26119","targetHints":{"allow":["GET"]}}],"collection":[{"href":"https:\/\/apexresearchchemical.eu\/sv\/wp-json\/wp\/v2\/product"}],"about":[{"href":"https:\/\/apexresearchchemical.eu\/sv\/wp-json\/wp\/v2\/types\/product"}],"replies":[{"embeddable":true,"href":"https:\/\/apexresearchchemical.eu\/sv\/wp-json\/wp\/v2\/comments?post=26119"}],"version-history":[{"count":3,"href":"https:\/\/apexresearchchemical.eu\/sv\/wp-json\/wp\/v2\/product\/26119\/revisions"}],"predecessor-version":[{"id":26159,"href":"https:\/\/apexresearchchemical.eu\/sv\/wp-json\/wp\/v2\/product\/26119\/revisions\/26159"}],"wp:featuredmedia":[{"embeddable":true,"href":"https:\/\/apexresearchchemical.eu\/sv\/wp-json\/wp\/v2\/media\/29398"}],"wp:attachment":[{"href":"https:\/\/apexresearchchemical.eu\/sv\/wp-json\/wp\/v2\/media?parent=26119"}],"wp:term":[{"taxonomy":"product_brand","embeddable":true,"href":"https:\/\/apexresearchchemical.eu\/sv\/wp-json\/wp\/v2\/product_brand?post=26119"},{"taxonomy":"product_cat","embeddable":true,"href":"https:\/\/apexresearchchemical.eu\/sv\/wp-json\/wp\/v2\/product_cat?post=26119"},{"taxonomy":"product_tag","embeddable":true,"href":"https:\/\/apexresearchchemical.eu\/sv\/wp-json\/wp\/v2\/product_tag?post=26119"}],"curies":[{"name":"wp","href":"https:\/\/api.w.org\/{rel}","templated":true}]}}