{"id":23317,"date":"2025-04-13T17:39:34","date_gmt":"2025-04-13T17:39:34","guid":{"rendered":"https:\/\/apexresearchchemical.eu\/?post_type=product&#038;p=23317"},"modified":"2026-03-20T16:09:47","modified_gmt":"2026-03-20T16:09:47","slug":"flubromazepam-etkileri-2","status":"publish","type":"product","link":"https:\/\/apexresearchchemical.eu\/tr\/magaza\/benzodiazepinler\/flubromazepam-etkileri-2\/","title":{"rendered":"Flubromazepam Saf"},"content":{"rendered":"<h2>Flubromazepam<span class=\"___SText_pr68d-red-team\" data-ui-name=\"Link.Text\">\u00a0operasyon<\/span><\/h2>\n<p><strong>Flubromazepam <span class=\"___SText_pr68d-red-team\" data-ui-name=\"Link.Text\">operasyon<\/span><\/strong> yaln\u0131zca ara\u015ft\u0131rma ama\u00e7l\u0131 sat\u0131lan ve bu nedenle t\u00fcketime y\u00f6nelik olmayan bir maddedir.<\/p>\n<p>Flubromazepam, do\u011fru ortamda sakland\u0131\u011f\u0131nda 2 y\u0131la kadar stabil kal\u0131r. Flubromazepam ara\u015ft\u0131rma ama\u00e7l\u0131d\u0131r ve insan t\u00fcketimi i\u00e7in de\u011fildir. Bu nedenle, \u00fcr\u00fcn\u00fcn \u00e7ocuklar\u0131n ve evcil hayvanlar\u0131n eri\u015femeyece\u011fi yerde saklanmas\u0131 \u00f6nemlidir.<a title=\"1V-LSD 150 MCG Blotterlar\" href=\"https:\/\/apexresearchchemical.eu\/tr\/magaza\/lizergamidler\/1v-lsd-150-mcg-blotters\/\" target=\"_blank\" rel=\"noopener\">1V-LSD 150 MCG Blotterlar<\/a><\/p>\n<p>Uygun fiyatlarla y\u00fcksek kaliteli ara\u015ft\u0131rma kimyasallar\u0131 sunuyoruz. Sipari\u015finiz her g\u00fcn 24 saat i\u00e7inde kargoya teslim edilir. Hemen sipari\u015f verin! <em>Flubromazepam<\/em> g\u00fcvenli ve h\u0131zl\u0131 bir \u015fekilde !<a title=\"2C-EF 2 mg Kaps\u00fcller\" href=\"https:\/\/apexresearchchemical.eu\/tr\/magaza\/fenetilamin\/2c-ef-2-mg-kapsul\/\" target=\"_blank\" rel=\"noopener\">2C-EF 2 mg Kaps\u00fcller<\/a><\/p>\n<h3>Flubromazepam \u00f6zellikleri<\/h3>\n<p><strong>E\u015f anlaml\u0131s\u0131:<\/strong> Flubromazepam<br \/>\n<strong>CAS Numaras\u0131:<\/strong> 2647-50-9<br \/>\n<strong>Form\u00fcl:<\/strong> 7-bromo-5-(2-florofenil)-1,3-dihidro-2H-1,4-benzodiazepin-2-on<br \/>\n<strong>Mol k\u00fctlesi:<\/strong> 333,2 g\/mol<br \/>\n<strong>Safl\u0131k:<\/strong> &gt;97%<\/p>\n<h3>Flubromazepam nedir?<\/h3>\n<p>Flubromazepam, benzodiazepin s\u0131n\u0131f\u0131na ait bir ara\u015ft\u0131rma kimyasal\u0131d\u0131r. Merkezi sinir sistemi \u00fczerindeki potansiyel etkileri nedeniyle ara\u015ft\u0131rmalar\u0131n ilgisini \u00e7eken sentetik bir bile\u015fiktir.<\/p>\n<p>Flubromazepam, yat\u0131\u015ft\u0131r\u0131c\u0131, kayg\u0131 giderici ve kas gev\u015fetici \u00f6zellikleriyle bilinen benzodiazepin ila\u00e7 ailesinden t\u00fcretilmi\u015ftir. Farmakolojik profildeki farkl\u0131l\u0131klar\u0131 ve potansiyel terap\u00f6tik uygulamalar\u0131 ara\u015ft\u0131rmak i\u00e7in mevcut benzodiazepinlerin bir modifikasyonu olarak geli\u015ftirilmi\u015ftir. Ara\u015ft\u0131rmac\u0131lar \u00f6zellikle flubromazepam\u0131n beyindeki GABA-A resept\u00f6rleriyle etkile\u015fimini incelemekle ilgilenmektedir. Bu resept\u00f6rler, inhibit\u00f6r n\u00f6rotransmitterlerin d\u00fczenlenmesinde \u00f6nemli bir rol oynar.<\/p>\n<p>Flubromazepam\u0131n bir ara\u015ft\u0131rma kimyasal\u0131 olarak geli\u015ftirilmesi, bilimsel merak ve benzodiazepin bile\u015fikleri hakk\u0131ndaki anlay\u0131\u015f\u0131m\u0131z\u0131 geli\u015ftirme arzusuyla y\u00f6nlendirilmektedir. Bilim insanlar\u0131, titiz ara\u015ft\u0131rmalar y\u00fcr\u00fcterek, bile\u015fi\u011fin merkezi sinir sistemi \u00fczerindeki etkileri hakk\u0131ndaki bilgimizi geni\u015fletmeyi ve benzodiazepinler hakk\u0131nda daha geni\u015f bir anlay\u0131\u015fa katk\u0131da bulunmay\u0131 ama\u00e7lamaktad\u0131r.<\/p>\n<h3>Flubromazepam nas\u0131l ortaya \u00e7\u0131kt\u0131?<\/h3>\n<p>Flubromazepam adl\u0131 kimyasal\u0131n tarihi, benzodiazepin bile\u015fiklerinin geli\u015ftirilmesi ve ara\u015ft\u0131r\u0131lmas\u0131yla yak\u0131ndan ba\u011flant\u0131l\u0131d\u0131r. Yat\u0131\u015ft\u0131r\u0131c\u0131, kayg\u0131 giderici ve kas gev\u015fetici \u00f6zellikleriyle bilinen bir s\u0131n\u0131f olan benzodiazepinlerin farmas\u00f6tik ara\u015ft\u0131rmalarda uzun bir ge\u00e7mi\u015fi vard\u0131r.<\/p>\n<p>Flubromazepam, bilim insanlar\u0131n\u0131n benzodiazepinler hakk\u0131ndaki bilgi ve anlay\u0131\u015flar\u0131n\u0131 geni\u015fletmeye \u00e7al\u0131\u015fmas\u0131yla son y\u0131llarda bir ara\u015ft\u0131rma kimyasal\u0131 olarak ortaya \u00e7\u0131km\u0131\u015ft\u0131r. Bu bile\u015fik, farmakolojik profilleri ve \u00f6zelliklerindeki olas\u0131 farkl\u0131l\u0131klar\u0131 ara\u015ft\u0131rmak i\u00e7in mevcut benzodiazepinlerin bir modifikasyonu olarak geli\u015ftirilmi\u015ftir.<\/p>\n<p>Flubromazepam\u0131n sentezi ve incelenmesi \u00f6ncelikle bilimsel ara\u015ft\u0131rma alan\u0131nda ger\u00e7ekle\u015fmi\u015ftir. Kimyagerler, farmakologlar ve sinirbilimciler de dahil olmak \u00fczere ara\u015ft\u0131rmac\u0131lar, bile\u015fi\u011fin kimyasal yap\u0131s\u0131n\u0131, merkezi sinir sistemi \u00fczerindeki etkilerini ve potansiyel terap\u00f6tik uygulamalar\u0131n\u0131 ara\u015ft\u0131rmakla ilgilenmektedir.<a title=\"2-CMC 250 mg peletler\" href=\"https:\/\/apexresearchchemical.eu\/tr\/magaza\/katinonlar\/2-cmc-satin-al\/\" target=\"_blank\" rel=\"noopener\">2-CMC 250 mg peletler<\/a><\/p>\n<h3>Tehlike beyan\u0131<\/h3>\n<p>Flubromazepam hava yollar\u0131nda tahri\u015fe neden olabilir<br \/>\nFlubromazepam g\u00f6z tahri\u015fine neden olabilir.<br \/>\nAra\u015ft\u0131rma kimyasallar\u0131n\u0131n \u00e7evreye at\u0131lmas\u0131 yasakt\u0131r.<\/p>\n<p>Flubromazepam G\u00d6ZLERLE TEMAS HAL\u0130NDE: G\u00f6zlerinizi be\u015f dakika boyunca nazik\u00e7e suyla y\u0131kay\u0131n. M\u00fcmk\u00fcnse kontakt lensleri \u00e7\u0131kar\u0131n.<a href=\"http:\/\/google.nl\" target=\"_blank\" rel=\"noopener\">.<\/a><\/p>\n<p>Flubromazepam C\u0130LT \u0130LE TEMAS HAL\u0130NDE: Cildi sabun ve su ile y\u0131kay\u0131n.<\/p>\n<p>SOLUNDU\u011eUNDA Flubromazepam: Ma\u011fduru temiz havaya \u00e7\u0131kar\u0131n ve ma\u011fdurun rahat nefes alabilece\u011fi bir pozisyonda kalmas\u0131n\u0131 sa\u011flay\u0131n.<\/p>","protected":false},"excerpt":{"rendered":"<p>Flubromazepam etkileri Flubromazepam etkileri yaln\u0131zca ara\u015ft\u0131rma ama\u00e7l\u0131 sat\u0131lan bir maddedir ve bu nedenle t\u00fcketime y\u00f6nelik de\u011fildir.<\/p>","protected":false},"featured_media":29380,"comment_status":"closed","ping_status":"closed","template":"","meta":[],"product_brand":[82],"product_cat":[76,386],"product_tag":[138,139,140,142,141,326],"class_list":{"0":"post-23317","1":"product","2":"type-product","3":"status-publish","4":"has-post-thumbnail","6":"product_brand-research-chemical","7":"product_cat-benzodiazepinen","8":"product_cat-flubromazepam","9":"product_tag-flubromazepam","10":"product_tag-flubromazepam-effects","11":"product_tag-flubromazepam-ervaring","12":"product_tag-flubromazepam-halfwaardetijd","13":"product_tag-flubromazepam-werking","14":"product_tag-nl","16":"first","17":"instock","18":"taxable","19":"shipping-taxable","20":"purchasable","21":"product-type-variable"},"_links":{"self":[{"href":"https:\/\/apexresearchchemical.eu\/tr\/wp-json\/wp\/v2\/product\/23317","targetHints":{"allow":["GET"]}}],"collection":[{"href":"https:\/\/apexresearchchemical.eu\/tr\/wp-json\/wp\/v2\/product"}],"about":[{"href":"https:\/\/apexresearchchemical.eu\/tr\/wp-json\/wp\/v2\/types\/product"}],"replies":[{"embeddable":true,"href":"https:\/\/apexresearchchemical.eu\/tr\/wp-json\/wp\/v2\/comments?post=23317"}],"version-history":[{"count":3,"href":"https:\/\/apexresearchchemical.eu\/tr\/wp-json\/wp\/v2\/product\/23317\/revisions"}],"predecessor-version":[{"id":25431,"href":"https:\/\/apexresearchchemical.eu\/tr\/wp-json\/wp\/v2\/product\/23317\/revisions\/25431"}],"wp:featuredmedia":[{"embeddable":true,"href":"https:\/\/apexresearchchemical.eu\/tr\/wp-json\/wp\/v2\/media\/29380"}],"wp:attachment":[{"href":"https:\/\/apexresearchchemical.eu\/tr\/wp-json\/wp\/v2\/media?parent=23317"}],"wp:term":[{"taxonomy":"product_brand","embeddable":true,"href":"https:\/\/apexresearchchemical.eu\/tr\/wp-json\/wp\/v2\/product_brand?post=23317"},{"taxonomy":"product_cat","embeddable":true,"href":"https:\/\/apexresearchchemical.eu\/tr\/wp-json\/wp\/v2\/product_cat?post=23317"},{"taxonomy":"product_tag","embeddable":true,"href":"https:\/\/apexresearchchemical.eu\/tr\/wp-json\/wp\/v2\/product_tag?post=23317"}],"curies":[{"name":"wp","href":"https:\/\/api.w.org\/{rel}","templated":true}]}}