{"id":24107,"date":"2025-04-13T17:41:04","date_gmt":"2025-04-13T17:41:04","guid":{"rendered":"https:\/\/apexresearchchemical.eu\/?post_type=product&#038;p=24107"},"modified":"2026-03-20T10:57:25","modified_gmt":"2026-03-20T10:57:25","slug":"rc-maxtc-blister","status":"publish","type":"product","link":"https:\/\/apexresearchchemical.eu\/tr\/magaza\/b2b\/rc-maxtc-blister\/","title":{"rendered":"RC+ MaXTC Blister"},"content":{"rendered":"<h2><strong>MaXTC 5-MAPB\/4-FMA\/5-MeO-MiPT 75MG\/30MG\/3MG Blister, 10 pelletli<\/strong><\/h2>\n<p>4 fma sat\u0131n al, 4 fma, 4-fma, maxtc<\/p>\n<ul>\n<li><strong>Perakende ambalaj\u0131<br \/>\n<\/strong><\/li>\n<li><strong>Blister ba\u015f\u0131na pelet say\u0131s\u0131: 10<\/strong><\/li>\n<li><strong>Fiyatlara 21% KDV dahil de\u011fildir<\/strong><\/li>\n<li><strong>\u00d6nerilen perakende fiyat\u0131: KDV dahil 69,95 \u20ac<\/strong><\/li>\n<\/ul>\n<p><a href=\"https:\/\/apexresearchchemical.eu\/tr\/magaza\/lizergamidler\/1cp-lsd-150-mcg\/\">1cP-LSD 150 MCG Sanat Emicileri<\/a><a href=\"https:\/\/apexresearchchemical.eu\/tr\/magaza\/pellets\/o-dsmt-50-mg-peletler\/\">O-DSMT 50 mg Peletleri<\/a><a href=\"https:\/\/apexresearchchemical.eu\/tr\/magaza\/lizergamidler\/1v-lsd-150-mcg-blotters\/\">1V-LSD 150 MCG Blotterlar<\/a><a href=\"https:\/\/apexresearchchemical.eu\/tr\/magaza\/neredeyse-yasaklandi\/6-cl-adba\/\">6-CL-ADBA<\/a><a href=\"https:\/\/apexresearchchemical.eu\/tr\/magaza\/katinonlar\/2-cmc-satin-al\/\">2-CMC 250 mg peletler<\/a><\/p>","protected":false},"excerpt":{"rendered":"<p>MaXTC 5-MAPB\/4-FMA\/5-MeO-MiPT 75MG\/30MG\/3MG 10 pellet i\u00e7eren blister ambalaj 4 fma buy, 4 fma, 4-fma, maxtc Perakende ambalaj Blister ba\u015f\u0131na pellet say\u0131s\u0131: 10<\/p>","protected":false},"featured_media":29463,"comment_status":"closed","ping_status":"closed","template":"","meta":[],"product_brand":[],"product_cat":[555],"product_tag":[629,644,664,326],"class_list":{"0":"post-24107","1":"product","2":"type-product","3":"status-publish","4":"has-post-thumbnail","6":"product_cat-b2b","7":"product_tag-4-fma-kopen","8":"product_tag-4-fma","9":"product_tag-maxtc","10":"product_tag-nl","12":"first","13":"instock","14":"taxable","15":"shipping-taxable","16":"purchasable","17":"product-type-variable"},"_links":{"self":[{"href":"https:\/\/apexresearchchemical.eu\/tr\/wp-json\/wp\/v2\/product\/24107","targetHints":{"allow":["GET"]}}],"collection":[{"href":"https:\/\/apexresearchchemical.eu\/tr\/wp-json\/wp\/v2\/product"}],"about":[{"href":"https:\/\/apexresearchchemical.eu\/tr\/wp-json\/wp\/v2\/types\/product"}],"replies":[{"embeddable":true,"href":"https:\/\/apexresearchchemical.eu\/tr\/wp-json\/wp\/v2\/comments?post=24107"}],"version-history":[{"count":3,"href":"https:\/\/apexresearchchemical.eu\/tr\/wp-json\/wp\/v2\/product\/24107\/revisions"}],"predecessor-version":[{"id":25927,"href":"https:\/\/apexresearchchemical.eu\/tr\/wp-json\/wp\/v2\/product\/24107\/revisions\/25927"}],"wp:featuredmedia":[{"embeddable":true,"href":"https:\/\/apexresearchchemical.eu\/tr\/wp-json\/wp\/v2\/media\/29463"}],"wp:attachment":[{"href":"https:\/\/apexresearchchemical.eu\/tr\/wp-json\/wp\/v2\/media?parent=24107"}],"wp:term":[{"taxonomy":"product_brand","embeddable":true,"href":"https:\/\/apexresearchchemical.eu\/tr\/wp-json\/wp\/v2\/product_brand?post=24107"},{"taxonomy":"product_cat","embeddable":true,"href":"https:\/\/apexresearchchemical.eu\/tr\/wp-json\/wp\/v2\/product_cat?post=24107"},{"taxonomy":"product_tag","embeddable":true,"href":"https:\/\/apexresearchchemical.eu\/tr\/wp-json\/wp\/v2\/product_tag?post=24107"}],"curies":[{"name":"wp","href":"https:\/\/api.w.org\/{rel}","templated":true}]}}