{"id":24194,"date":"2025-04-13T17:41:13","date_gmt":"2025-04-13T17:41:13","guid":{"rendered":"https:\/\/apexresearchchemical.eu\/?post_type=product&#038;p=24194"},"modified":"2026-03-20T10:36:04","modified_gmt":"2026-03-20T10:36:04","slug":"2-fma","status":"publish","type":"product","link":"https:\/\/apexresearchchemical.eu\/tr\/magaza\/b2b\/2-fma\/","title":{"rendered":"RC+ Flor 2-FMA 30 mg Kutu"},"content":{"rendered":"<h2><strong>2-FMA<\/strong><\/h2>\n<p><strong>2-FMA<\/strong>\u00a02-FMA, yaln\u0131zca ara\u015ft\u0131rma ama\u00e7l\u0131 satt\u0131\u011f\u0131m\u0131z bir maddedir ve bu nedenle insan t\u00fcketimi i\u00e7in uygun de\u011fildir. 2-FMA toz halinde temin edilir ve do\u011fru ortamda sakland\u0131\u011f\u0131nda iki y\u0131la kadar ara\u015ft\u0131r\u0131labilir.<a title=\"1V-LSD 150 MCG Blotterlar\" href=\"https:\/\/apexresearchchemical.eu\/tr\/magaza\/lizergamidler\/1v-lsd-150-mcg-blotters\/\" target=\"_blank\" rel=\"noopener\">1V-LSD 150 MCG Blotterlar<\/a><\/p>\n<p>2-FMA yaln\u0131zca ara\u015ft\u0131rma ama\u00e7l\u0131d\u0131r ve t\u00fcketilmemelidir, bu nedenle 2-FMA&#039;n\u0131n \u00e7ocuklar\u0131n ve evcil hayvanlar\u0131n eri\u015femeyece\u011fi yerde saklanmas\u0131 \u00f6nemlidir.<a title=\"6-CL-ADBA\" href=\"https:\/\/apexresearchchemical.eu\/tr\/magaza\/neredeyse-yasaklandi\/6-cl-adba\/\" target=\"_blank\" rel=\"noopener\">6-CL-ADBA<\/a><\/p>\n<p>Uygun fiyatlarla y\u00fcksek kaliteli ara\u015ft\u0131rma kimyasallar\u0131 sunuyoruz. Sipari\u015finiz her g\u00fcn 24 saat i\u00e7inde kargoya verilir. 2FMA&#039;y\u0131 g\u00fcvenli ve h\u0131zl\u0131 bir \u015fekilde bizden sipari\u015f edin!<a title=\"2-CMC 250 mg peletler\" href=\"https:\/\/apexresearchchemical.eu\/tr\/magaza\/katinonlar\/2-cmc-satin-al\/\" target=\"_blank\" rel=\"noopener\">2-CMC 250 mg peletler<\/a><\/p>\n<h2>2-FMA \u00f6zellikleri<\/h2>\n<p><strong>E\u015f anlaml\u0131s\u0131<\/strong>: Florometamfetamin<br \/>\n<strong>CAS Numaras\u0131<\/strong>: 1780004-19-4<br \/>\n<strong>Form\u00fcl<\/strong>: C10H14FN \u2022 HCL<br \/>\n<strong>Mol k\u00fctlesi<\/strong>: 203,7 g\/mol<br \/>\n<strong>Safl\u0131k<\/strong>: \u226599%<\/p>\n<h2>Tehlike ifadeleri<\/h2>\n<p>2-FMA solunum yolu tahri\u015fine neden olabilir<br \/>\n2-FMA tahri\u015fe neden olabilir <a href=\"http:\/\/google.nl\" target=\"_blank\" rel=\"noopener\">o<\/a> g\u00f6zler neden olur<br \/>\nAra\u015ft\u0131rma kimyasallar\u0131n\u0131n \u00e7evreye de\u015farj edilmesi yasakt\u0131r<\/p>\n<p>2-G\u00d6ZLERDEK\u0130 FMA: G\u00f6zlerinizi be\u015f dakika boyunca nazik\u00e7e suyla y\u0131kay\u0131n. Tak\u0131l\u0131ysa ve kolayca \u00e7\u0131kar\u0131labiliyorsa, kontakt lensleri \u00e7\u0131kar\u0131n.<\/p>\n<p>2-FMA C\u0130LTLE TEMAS HAL\u0130NDE: Cildi sabun ve su ile y\u0131kay\u0131n.<\/p>\n<p>SOLUNDU\u011eUNDA 2-FMA: Ma\u011fduru temiz havaya \u00e7\u0131kar\u0131n ve rahat nefes alabilece\u011fi bir pozisyonda tutun.<\/p>","protected":false},"excerpt":{"rendered":"<p><strong>E\u015f anlaml\u0131s\u0131<\/strong>: Florometamfetamin<br \/>\n<strong>CAS Numaras\u0131<\/strong>: 1780004-19-4<br \/>\n<strong>Form\u00fcl<\/strong>: C10H14FN \u2022 HCL<br \/>\n<strong>Mol k\u00fctlesi<\/strong>: 203,7 g\/mol<br \/>\n<strong>Safl\u0131k<\/strong>: \u226599%<\/p>","protected":false},"featured_media":29460,"comment_status":"closed","ping_status":"closed","template":"","meta":[],"product_brand":[82],"product_cat":[555],"product_tag":[572,617,618,589,619,326],"class_list":{"0":"post-24194","1":"product","2":"type-product","3":"status-publish","4":"has-post-thumbnail","6":"product_brand-research-chemical","7":"product_cat-b2b","8":"product_tag-2-fma-kopen","9":"product_tag-2-fma","10":"product_tag-2fma","11":"product_tag-2fma-drugs","12":"product_tag-2fma-kopen","13":"product_tag-nl","15":"first","16":"instock","17":"taxable","18":"shipping-taxable","19":"purchasable","20":"product-type-variable"},"_links":{"self":[{"href":"https:\/\/apexresearchchemical.eu\/tr\/wp-json\/wp\/v2\/product\/24194","targetHints":{"allow":["GET"]}}],"collection":[{"href":"https:\/\/apexresearchchemical.eu\/tr\/wp-json\/wp\/v2\/product"}],"about":[{"href":"https:\/\/apexresearchchemical.eu\/tr\/wp-json\/wp\/v2\/types\/product"}],"replies":[{"embeddable":true,"href":"https:\/\/apexresearchchemical.eu\/tr\/wp-json\/wp\/v2\/comments?post=24194"}],"version-history":[{"count":4,"href":"https:\/\/apexresearchchemical.eu\/tr\/wp-json\/wp\/v2\/product\/24194\/revisions"}],"predecessor-version":[{"id":25400,"href":"https:\/\/apexresearchchemical.eu\/tr\/wp-json\/wp\/v2\/product\/24194\/revisions\/25400"}],"wp:featuredmedia":[{"embeddable":true,"href":"https:\/\/apexresearchchemical.eu\/tr\/wp-json\/wp\/v2\/media\/29460"}],"wp:attachment":[{"href":"https:\/\/apexresearchchemical.eu\/tr\/wp-json\/wp\/v2\/media?parent=24194"}],"wp:term":[{"taxonomy":"product_brand","embeddable":true,"href":"https:\/\/apexresearchchemical.eu\/tr\/wp-json\/wp\/v2\/product_brand?post=24194"},{"taxonomy":"product_cat","embeddable":true,"href":"https:\/\/apexresearchchemical.eu\/tr\/wp-json\/wp\/v2\/product_cat?post=24194"},{"taxonomy":"product_tag","embeddable":true,"href":"https:\/\/apexresearchchemical.eu\/tr\/wp-json\/wp\/v2\/product_tag?post=24194"}],"curies":[{"name":"wp","href":"https:\/\/api.w.org\/{rel}","templated":true}]}}