{"id":24961,"date":"2025-04-13T17:43:53","date_gmt":"2025-04-13T17:43:53","guid":{"rendered":"https:\/\/apexresearchchemical.eu\/?post_type=product&#038;p=24961"},"modified":"2026-03-20T06:47:00","modified_gmt":"2026-03-20T06:47:00","slug":"o-dsmt-50-mg-peletler","status":"publish","type":"product","link":"https:\/\/apexresearchchemical.eu\/tr\/magaza\/o-dsmt\/o-dsmt-50-mg-peletler\/","title":{"rendered":"O-DSMT 50 mg Peletleri"},"content":{"rendered":"<p class=\"ds-markdown-paragraph\"><strong>O-DSMT 50 mg Peletleri \u2013 Sorular\u0131n\u0131z\u0131n Cevaplar\u0131<\/strong><\/p>\n<h3><strong>1. O-DSMT nedir?<\/strong><\/h3>\n<p class=\"ds-markdown-paragraph\">O-DSMT (Desmetramadol), bir ara\u015ft\u0131rma kimyasal\u0131 ve Tramadol&#039;\u00fcn \u00f6nemli bir metabolitidir. Potansiyel a\u011fr\u0131 kesici \u00f6zellikleriyle bilinir ve bilimsel \u00e7al\u0131\u015fmalarda kullan\u0131l\u0131r.<\/p>\n<h3><strong>2. Neden O-DSMT 50 mg Pelet&#039;i se\u00e7melisiniz?<\/strong><\/h3>\n<p class=\"ds-markdown-paragraph\">Peletlerimiz \u015funlar\u0131 sunar:<br \/>\n\u2705\u00a0<strong>Hassas dozajlama<\/strong>\u00a0\u2013 G\u00fcvenilir sonu\u00e7lar i\u00e7in her pelet tam olarak 50 mg i\u00e7erir.<br \/>\n\u2705\u00a0<strong>Tutarl\u0131 kalite<\/strong>\u00a0\u2013 En iyi ara\u015ft\u0131rma sonu\u00e7lar\u0131 i\u00e7in y\u00fcksek kalitede safla\u015ft\u0131rma.<br \/>\n\u2705\u00a0<strong>Kolay i\u015fleme<\/strong>\u00a0\u2013 Pelet formu laboratuvar ortam\u0131nda dozajlamay\u0131 kolayla\u015ft\u0131r\u0131r.<\/p>\n<h3><strong>3. Bu \u00fcr\u00fcn insan kullan\u0131m\u0131 i\u00e7in g\u00fcvenli midir?<\/strong><\/h3>\n<p class=\"ds-markdown-paragraph\"><em>HAYIR.<\/em>\u00a0O-DSMT 50 mg Peletler\u00a0<strong>yaln\u0131zca ara\u015ft\u0131rma ama\u00e7l\u0131d\u0131r<\/strong>\u00a0ve t\u00fcketim ama\u00e7l\u0131 de\u011fildir. Bilimsel ama\u00e7larla kullan\u0131rken g\u00fcvenlik protokollerine uymak \u00f6nemlidir.<\/p>\n<h3><strong>4. O-DSMT Peletlerini nas\u0131l saklamal\u0131y\u0131m?<\/strong><\/h3>\n<p class=\"ds-markdown-paragraph\">Peletleri bir\u00a0<strong>serin ve kuru bir yer<\/strong>\u00c7ocuklar\u0131n ve yetkisiz ki\u015filerin eri\u015femeyece\u011fi yerde saklay\u0131n. Karanl\u0131k ve hava ge\u00e7irmez bir kapta muhafaza edilmesi \u00f6nerilir.<\/p>\n<h3><strong>5. Bu peletler hangi uygulamalar i\u00e7in uygundur?<\/strong><\/h3>\n<p class=\"ds-markdown-paragraph\">Bunlar \u015furada kullan\u0131l\u0131r:<br \/>\n\ud83d\udd2c\u00a0<strong>Farmakolojik ara\u015ft\u0131rma<\/strong><br \/>\n\ud83e\uddea\u00a0<strong>Analitik \u00e7al\u0131\u015fmalar<\/strong><br \/>\n\ud83d\udcca\u00a0<strong>Bilimsel deneyler<\/strong><\/p>\n<h3><strong>6. O-DSMT 50 mg Peletlerini nereden sat\u0131n alabilirim?<\/strong><\/h3>\n<p class=\"ds-markdown-paragraph\">\u015eimdi web ma\u011fazam\u0131zdan sipari\u015f verin\u00a0<strong>h\u0131zl\u0131 teslimat ve gizli paketleme<\/strong>. Sadece kay\u0131tl\u0131 ara\u015ft\u0131rmac\u0131lar ve laboratuvarlar i\u00e7in ge\u00e7erlidir.<\/p>\n<p><a href=\"https:\/\/apexresearchchemical.eu\/tr\/magaza\/iboga-ibogaine\/ibogaine-hclyi-cevrimici-satin-al\/\">Ibogaine HCL sat\u0131n al<\/a><a href=\"https:\/\/apexresearchchemical.eu\/tr\/magaza\/iboga-ibogaine\/iboga-kok-kabugu\/\">Iboga k\u00f6k kabu\u011fu<\/a><a href=\"https:\/\/apexresearchchemical.eu\/tr\/magaza\/lizergamidler\/1cp-lsd\/\">1cP-LSD 150 MCG Sanat Emicileri<\/a><a href=\"https:\/\/apexresearchchemical.eu\/tr\/magaza\/lizergamidler\/1v-lsd-150-mcg-blotters\/\">1V-LSD 150 MCG Blotterlar<\/a><a href=\"https:\/\/apexresearchchemical.eu\/tr\/magaza\/2-cmc-pelet\/2-cmc-satin-al\/2-cmc-satin-al\/\">2-CMC 250 mg peletler<\/a><\/p>","protected":false},"excerpt":{"rendered":"<h3>O-DSMT \u00f6zellikleri<\/h3>\n<p><strong>E\u015f anlaml\u0131s\u0131:<\/strong> <i>O-Desmetiltramadol, 3-(2-((dimetilamino)metil)-1-hidroksisikloheksil)fenol<\/i><br \/>\n<strong>CAS Numaras\u0131:<\/strong> 80456-81-1<br \/>\n<strong>Form\u00fcl:<\/strong> <span title=\"Karbon\">C<\/span><sub>15<\/sub><span title=\"Hidrojen\">H<\/span><sub>23<\/sub><span title=\"Azot\">N<\/span><span title=\"Oksijen\">O<\/span><sub>2<\/sub><br \/>\n<strong>Mol k\u00fctlesi:<\/strong> 249.354 g\/mol<br \/>\n<strong>Safl\u0131k:<\/strong>\u00a0&gt;97%<\/p>","protected":false},"featured_media":29435,"comment_status":"closed","ping_status":"closed","template":"","meta":[],"product_brand":[82],"product_cat":[337,420,336,324],"product_tag":[326,727,725,728,726,729,730],"class_list":{"0":"post-24961","1":"product","2":"type-product","3":"status-publish","4":"has-post-thumbnail","6":"product_brand-research-chemical","7":"product_cat-o-dsmt","8":"product_cat-o-dsmt-pellets","9":"product_cat-overig","10":"product_cat-pellets-for-pellet","11":"product_tag-nl","12":"product_tag-o-dsmt-ervaringen","13":"product_tag-o-dsmt","14":"product_tag-o-dsmt-bestellen","15":"product_tag-o-dsmt-kopen","16":"product_tag-o-dsmt-psychonaut","17":"product_tag-what-is-o-dsmt","19":"first","20":"instock","21":"taxable","22":"shipping-taxable","23":"purchasable","24":"product-type-variable"},"_links":{"self":[{"href":"https:\/\/apexresearchchemical.eu\/tr\/wp-json\/wp\/v2\/product\/24961","targetHints":{"allow":["GET"]}}],"collection":[{"href":"https:\/\/apexresearchchemical.eu\/tr\/wp-json\/wp\/v2\/product"}],"about":[{"href":"https:\/\/apexresearchchemical.eu\/tr\/wp-json\/wp\/v2\/types\/product"}],"replies":[{"embeddable":true,"href":"https:\/\/apexresearchchemical.eu\/tr\/wp-json\/wp\/v2\/comments?post=24961"}],"version-history":[{"count":6,"href":"https:\/\/apexresearchchemical.eu\/tr\/wp-json\/wp\/v2\/product\/24961\/revisions"}],"predecessor-version":[{"id":25567,"href":"https:\/\/apexresearchchemical.eu\/tr\/wp-json\/wp\/v2\/product\/24961\/revisions\/25567"}],"wp:featuredmedia":[{"embeddable":true,"href":"https:\/\/apexresearchchemical.eu\/tr\/wp-json\/wp\/v2\/media\/29435"}],"wp:attachment":[{"href":"https:\/\/apexresearchchemical.eu\/tr\/wp-json\/wp\/v2\/media?parent=24961"}],"wp:term":[{"taxonomy":"product_brand","embeddable":true,"href":"https:\/\/apexresearchchemical.eu\/tr\/wp-json\/wp\/v2\/product_brand?post=24961"},{"taxonomy":"product_cat","embeddable":true,"href":"https:\/\/apexresearchchemical.eu\/tr\/wp-json\/wp\/v2\/product_cat?post=24961"},{"taxonomy":"product_tag","embeddable":true,"href":"https:\/\/apexresearchchemical.eu\/tr\/wp-json\/wp\/v2\/product_tag?post=24961"}],"curies":[{"name":"wp","href":"https:\/\/api.w.org\/{rel}","templated":true}]}}